{"id":168,"date":"2015-04-15T11:57:10","date_gmt":"2015-04-15T09:57:10","guid":{"rendered":"http:\/\/kraege.de\/kraege-21\/?page_id=168"},"modified":"2023-03-14T12:04:05","modified_gmt":"2023-03-14T11:04:05","slug":"mara-des-bois","status":"publish","type":"page","link":"https:\/\/kraege.de\/ltu\/services\/strawberries\/remontierende-sorten\/mara-des-bois\/","title":{"rendered":"Mara des Bois"},"content":{"rendered":"<div class=\"tabelle-fruechte\">\n<table>\n<tbody>\n<tr>\n<td>Spalva<\/td>\n<td>raudona<\/td>\n<\/tr>\n<tr>\n<td>Pastaba<\/td>\n<td>Pranc\u016bz\u0173 veisimo veisl\u0117 su laukini\u0173 bra\u0161ki\u0173 aromatu. \u201eMara des Bois\u201c derlius, dydis ir i\u0161silaikymas yra tik vidutiniai, ta\u010diau skonis puikus. Tinka specialiose rinkose, tokiose kaip gastronomija, konditerijos parduotuv\u0117se, arba tiesioginei prekybai.<\/td>\n<\/tr>\n<\/tbody>\n<\/table>\n<\/div>\n<div class=\"herkunft\">\u2013 saugoma veisl\u0117, veisl\u0117s savininkas: J. Marionnet, <span class=\"HwtZe\" lang=\"lt\"><span class=\"jCAhz ChMk0b\"><span class=\"ryNqvb\">Pranc\u016bzija<\/span><\/span><\/span><\/div>\n\n\n<p><\/p>\n","protected":false},"excerpt":{"rendered":"<p>Spalva raudona Pastaba Pranc\u016bz\u0173 veisimo veisl\u0117 su laukini\u0173 bra\u0161ki\u0173 aromatu. \u201eMara des Bois\u201c derlius, dydis ir i\u0161silaikymas yra tik vidutiniai, ta\u010diau skonis puikus. Tinka specialiose rinkose, tokiose kaip gastronomija, konditerijos parduotuv\u0117se, arba tiesioginei prekybai. \u2013 saugoma veisl\u0117, veisl\u0117s savininkas: J. Marionnet, Pranc\u016bzija<\/p>\n","protected":false},"author":1,"featured_media":0,"parent":61,"menu_order":1,"comment_status":"open","ping_status":"closed","template":"page_frucht.php","meta":[],"yoast_head":"<!-- This site is optimized with the Yoast SEO plugin v17.2.1 - https:\/\/yoast.com\/wordpress\/plugins\/seo\/ -->\n<meta name=\"robots\" content=\"index, follow, max-snippet:-1, max-image-preview:large, max-video-preview:-1\" \/>\n<link rel=\"canonical\" href=\"https:\/\/kraege.de\/ltu\/services\/strawberries\/remontierende-sorten\/mara-des-bois\/\" \/>\n<meta property=\"og:locale\" content=\"lt_LT\" \/>\n<meta property=\"og:type\" content=\"article\" \/>\n<meta property=\"og:title\" content=\"Mara des Bois - KRAEGE Beerenpflanzen ltu\" \/>\n<meta property=\"og:description\" content=\"Spalva raudona Pastaba Pranc\u016bz\u0173 veisimo veisl\u0117 su laukini\u0173 bra\u0161ki\u0173 aromatu. \u201eMara des Bois\u201c derlius, dydis ir i\u0161silaikymas yra tik vidutiniai, ta\u010diau skonis puikus. Tinka specialiose rinkose, tokiose kaip gastronomija, konditerijos parduotuv\u0117se, arba tiesioginei prekybai. \u2013 saugoma veisl\u0117, veisl\u0117s savininkas: J. Marionnet, Pranc\u016bzija\" \/>\n<meta property=\"og:url\" content=\"https:\/\/kraege.de\/ltu\/services\/strawberries\/remontierende-sorten\/mara-des-bois\/\" \/>\n<meta property=\"og:site_name\" content=\"KRAEGE Beerenpflanzen ltu\" \/>\n<meta property=\"article:modified_time\" content=\"2023-03-14T11:04:05+00:00\" \/>\n<meta name=\"twitter:card\" content=\"summary\" \/>\n<meta name=\"twitter:label1\" content=\"Est. reading time\" \/>\n\t<meta name=\"twitter:data1\" content=\"1 minut\u0117\" \/>\n<script type=\"application\/ld+json\" class=\"yoast-schema-graph\">{\"@context\":\"https:\/\/schema.org\",\"@graph\":[{\"@type\":\"WebSite\",\"@id\":\"https:\/\/kraege.de\/ltu\/#website\",\"url\":\"https:\/\/kraege.de\/ltu\/\",\"name\":\"KRAEGE Beerenpflanzen ltu\",\"description\":\"Erdbeeren und Himbeeren aus der Region | Telgte | M\\u00fcnster | Warendorf\",\"potentialAction\":[{\"@type\":\"SearchAction\",\"target\":{\"@type\":\"EntryPoint\",\"urlTemplate\":\"https:\/\/kraege.de\/ltu\/?s={search_term_string}\"},\"query-input\":\"required name=search_term_string\"}],\"inLanguage\":\"lt-LT\"},{\"@type\":\"WebPage\",\"@id\":\"https:\/\/kraege.de\/ltu\/services\/strawberries\/remontierende-sorten\/mara-des-bois\/#webpage\",\"url\":\"https:\/\/kraege.de\/ltu\/services\/strawberries\/remontierende-sorten\/mara-des-bois\/\",\"name\":\"Mara des Bois - KRAEGE Beerenpflanzen ltu\",\"isPartOf\":{\"@id\":\"https:\/\/kraege.de\/ltu\/#website\"},\"datePublished\":\"2015-04-15T09:57:10+00:00\",\"dateModified\":\"2023-03-14T11:04:05+00:00\",\"breadcrumb\":{\"@id\":\"https:\/\/kraege.de\/ltu\/services\/strawberries\/remontierende-sorten\/mara-des-bois\/#breadcrumb\"},\"inLanguage\":\"lt-LT\",\"potentialAction\":[{\"@type\":\"ReadAction\",\"target\":[\"https:\/\/kraege.de\/ltu\/services\/strawberries\/remontierende-sorten\/mara-des-bois\/\"]}]},{\"@type\":\"BreadcrumbList\",\"@id\":\"https:\/\/kraege.de\/ltu\/services\/strawberries\/remontierende-sorten\/mara-des-bois\/#breadcrumb\",\"itemListElement\":[{\"@type\":\"ListItem\",\"position\":1,\"name\":\"Home\",\"item\":\"https:\/\/kraege.de\/ltu\/\"},{\"@type\":\"ListItem\",\"position\":2,\"name\":\"Services\",\"item\":\"https:\/\/kraege.de\/ltu\/services\/\"},{\"@type\":\"ListItem\",\"position\":3,\"name\":\"Strawberries\",\"item\":\"https:\/\/kraege.de\/ltu\/services\/strawberries\/\"},{\"@type\":\"ListItem\",\"position\":4,\"name\":\"Remontantin\\u0117s veisl\\u0117s\",\"item\":\"https:\/\/kraege.de\/ltu\/services\/strawberries\/remontierende-sorten\/\"},{\"@type\":\"ListItem\",\"position\":5,\"name\":\"Mara des Bois\"}]}]}<\/script>\n<!-- \/ Yoast SEO plugin. -->","yoast_head_json":{"robots":{"index":"index","follow":"follow","max-snippet":"max-snippet:-1","max-image-preview":"max-image-preview:large","max-video-preview":"max-video-preview:-1"},"canonical":"https:\/\/kraege.de\/ltu\/services\/strawberries\/remontierende-sorten\/mara-des-bois\/","og_locale":"lt_LT","og_type":"article","og_title":"Mara des Bois - KRAEGE Beerenpflanzen ltu","og_description":"Spalva raudona Pastaba Pranc\u016bz\u0173 veisimo veisl\u0117 su laukini\u0173 bra\u0161ki\u0173 aromatu. \u201eMara des Bois\u201c derlius, dydis ir i\u0161silaikymas yra tik vidutiniai, ta\u010diau skonis puikus. Tinka specialiose rinkose, tokiose kaip gastronomija, konditerijos parduotuv\u0117se, arba tiesioginei prekybai. \u2013 saugoma veisl\u0117, veisl\u0117s savininkas: J. Marionnet, Pranc\u016bzija","og_url":"https:\/\/kraege.de\/ltu\/services\/strawberries\/remontierende-sorten\/mara-des-bois\/","og_site_name":"KRAEGE Beerenpflanzen ltu","article_modified_time":"2023-03-14T11:04:05+00:00","twitter_card":"summary","twitter_misc":{"Est. reading time":"1 minut\u0117"},"schema":{"@context":"https:\/\/schema.org","@graph":[{"@type":"WebSite","@id":"https:\/\/kraege.de\/ltu\/#website","url":"https:\/\/kraege.de\/ltu\/","name":"KRAEGE Beerenpflanzen ltu","description":"Erdbeeren und Himbeeren aus der Region | Telgte | M\u00fcnster | Warendorf","potentialAction":[{"@type":"SearchAction","target":{"@type":"EntryPoint","urlTemplate":"https:\/\/kraege.de\/ltu\/?s={search_term_string}"},"query-input":"required name=search_term_string"}],"inLanguage":"lt-LT"},{"@type":"WebPage","@id":"https:\/\/kraege.de\/ltu\/services\/strawberries\/remontierende-sorten\/mara-des-bois\/#webpage","url":"https:\/\/kraege.de\/ltu\/services\/strawberries\/remontierende-sorten\/mara-des-bois\/","name":"Mara des Bois - KRAEGE Beerenpflanzen ltu","isPartOf":{"@id":"https:\/\/kraege.de\/ltu\/#website"},"datePublished":"2015-04-15T09:57:10+00:00","dateModified":"2023-03-14T11:04:05+00:00","breadcrumb":{"@id":"https:\/\/kraege.de\/ltu\/services\/strawberries\/remontierende-sorten\/mara-des-bois\/#breadcrumb"},"inLanguage":"lt-LT","potentialAction":[{"@type":"ReadAction","target":["https:\/\/kraege.de\/ltu\/services\/strawberries\/remontierende-sorten\/mara-des-bois\/"]}]},{"@type":"BreadcrumbList","@id":"https:\/\/kraege.de\/ltu\/services\/strawberries\/remontierende-sorten\/mara-des-bois\/#breadcrumb","itemListElement":[{"@type":"ListItem","position":1,"name":"Home","item":"https:\/\/kraege.de\/ltu\/"},{"@type":"ListItem","position":2,"name":"Services","item":"https:\/\/kraege.de\/ltu\/services\/"},{"@type":"ListItem","position":3,"name":"Strawberries","item":"https:\/\/kraege.de\/ltu\/services\/strawberries\/"},{"@type":"ListItem","position":4,"name":"Remontantin\u0117s veisl\u0117s","item":"https:\/\/kraege.de\/ltu\/services\/strawberries\/remontierende-sorten\/"},{"@type":"ListItem","position":5,"name":"Mara des Bois"}]}]}},"_links":{"self":[{"href":"https:\/\/kraege.de\/ltu\/wp-json\/wp\/v2\/pages\/168"}],"collection":[{"href":"https:\/\/kraege.de\/ltu\/wp-json\/wp\/v2\/pages"}],"about":[{"href":"https:\/\/kraege.de\/ltu\/wp-json\/wp\/v2\/types\/page"}],"author":[{"embeddable":true,"href":"https:\/\/kraege.de\/ltu\/wp-json\/wp\/v2\/users\/1"}],"replies":[{"embeddable":true,"href":"https:\/\/kraege.de\/ltu\/wp-json\/wp\/v2\/comments?post=168"}],"version-history":[{"count":11,"href":"https:\/\/kraege.de\/ltu\/wp-json\/wp\/v2\/pages\/168\/revisions"}],"predecessor-version":[{"id":2396,"href":"https:\/\/kraege.de\/ltu\/wp-json\/wp\/v2\/pages\/168\/revisions\/2396"}],"up":[{"embeddable":true,"href":"https:\/\/kraege.de\/ltu\/wp-json\/wp\/v2\/pages\/61"}],"wp:attachment":[{"href":"https:\/\/kraege.de\/ltu\/wp-json\/wp\/v2\/media?parent=168"}],"curies":[{"name":"wp","href":"https:\/\/api.w.org\/{rel}","templated":true}]}}