{"id":145,"date":"2015-04-15T11:05:42","date_gmt":"2015-04-15T09:05:42","guid":{"rendered":"http:\/\/kraege.de\/kraege-21\/?page_id=145"},"modified":"2023-03-15T14:30:55","modified_gmt":"2023-03-15T13:30:55","slug":"asia","status":"publish","type":"page","link":"https:\/\/kraege.de\/ltu\/services\/strawberries\/mittelspaete-sorten\/asia\/","title":{"rendered":"Asia"},"content":{"rendered":"<div class=\"tabelle-fruechte\">\n<table>\n<tbody>\n<tr>\n<td>Spalva<\/td>\n<td>Vidutini\u0161kai raudona, blizgi<\/td>\n<\/tr>\n<tr>\n<td>Pastaba<\/td>\n<td>Didel\u0117s uogos, geros prekybin\u0117s i\u0161vaizdos, pirmos uogos labai didel\u0117s<\/td>\n<\/tr>\n<\/tbody>\n<\/table>\n<\/div>\n<div class=\"reifezeit\"><\/div>\n<div class=\"herkunft\">\u2013 saugoma veisl\u0117, veisl\u0117s savininkas New Fruits, Italija<\/div>\n<p><strong><a href=\"https:\/\/kraege.de\/kraege-2\/wp-content\/uploads\/sites\/8\/2015\/04\/asia_uk.jpg\"><img loading=\"lazy\" class=\"alignleft wp-image-1826\" src=\"https:\/\/kraege.de\/kraege-2\/wp-content\/uploads\/sites\/8\/2015\/04\/asia_uk-151x320.jpg\" width=\"120\" height=\"254\" srcset=\"https:\/\/kraege.de\/ltu\/wp-content\/uploads\/sites\/8\/2015\/04\/asia_uk-151x320.jpg 151w, https:\/\/kraege.de\/ltu\/wp-content\/uploads\/sites\/8\/2015\/04\/asia_uk.jpg 413w\" sizes=\"(max-width: 120px) 100vw, 120px\" \/><\/a><\/strong>Aija veisl\u0117 i\u0161 naujesni\u0173 vaisi\u0173. Italijoje pradeda nokti ma\u017edaug 2 \u2013 3 dienos po Elsantos. Tolygios formos ir patraukliai blizgan\u010dios, tvirtos uogos. Kai Asia ankstinama su dangomis, pirmos uogos da\u017enai deformuojasi. Uog\u0173 spalva vidutinio ry\u0161kumo.<br \/>\nDerlius pana\u0161us kaip ir Elsanta, bet turi daug 1 klas\u0117s dideli\u0173 uog\u0173.<br \/>\nAsia \u017eiedynai po lapais, d\u0117l dideli\u0173 uog\u0173 greitai priskinamas derliaus kiekis. Nuskintos uogos labai gra\u017eios prekin\u0117s i\u0161vaizdos. Asia labai tinkama skintis patiems klientams bei tiesioginei prekybai.<br \/>\nAugalai yra labai energingi ir ma\u017eai jautr\u016bs \u201eVerticillium\u201c- grybeliams. \u0160iek tiek augalas jautrus, \u201ePhenmedipharm\u201c produktams, \u2013 herbicidams<\/p>\n<p><strong>Svarbu<\/strong><br \/>\n\u2013\u00a0\u00a0 \u00a0Dera kelios dienas po Elsantos<br \/>\n\u2013\u00a0\u00a0 \u00a0pirmieji vaisiai yra labai dideli<br \/>\n\u2013\u00a0\u00a0 \u00a0lyjant turi ma\u017e\u0105 polink\u012f uog\u0173 \u012ftr\u016bkimui<\/p>\n<p><strong>Asia Savyb\u0117s<\/strong><br \/>\n\u2013\u00a0\u00a0 \u00a0gero ir labai gero skonio<br \/>\n\u2013\u00a0\u00a0 \u00a0geros prekin\u0117s i\u0161vaizdos vaisiai<br \/>\n\u2013\u00a0\u00a0 \u00a0tvirtos uogos<br \/>\n\u2013\u00a0\u00a0 \u00a0geros i\u0161vaizdos<br \/>\n\u2013\u00a0\u00a0 \u00a0didelis derlius<br \/>\n\u2013\u00a0\u00a0 \u00a0auk\u0161tas rinkimo na\u0161umas<br \/>\n\u2013\u00a0\u00a0 \u00a0tvirtas augalas<\/p>\n","protected":false},"excerpt":{"rendered":"<p>Spalva Vidutini\u0161kai raudona, blizgi Pastaba Didel\u0117s uogos, geros prekybin\u0117s i\u0161vaizdos, pirmos uogos labai didel\u0117s \u2013 saugoma veisl\u0117, veisl\u0117s savininkas New Fruits, Italija Aija veisl\u0117 i\u0161 naujesni\u0173 vaisi\u0173. Italijoje pradeda nokti ma\u017edaug 2 \u2013 3 dienos po Elsantos. Tolygios formos ir patraukliai blizgan\u010dios, tvirtos uogos. Kai Asia ankstinama su dangomis, pirmos uogos da\u017enai deformuojasi. Uog\u0173 spalva [&hellip;]<\/p>\n","protected":false},"author":1,"featured_media":0,"parent":57,"menu_order":4,"comment_status":"open","ping_status":"closed","template":"page_frucht.php","meta":[],"yoast_head":"<!-- This site is optimized with the Yoast SEO plugin v17.2.1 - https:\/\/yoast.com\/wordpress\/plugins\/seo\/ -->\n<meta name=\"robots\" content=\"index, follow, max-snippet:-1, max-image-preview:large, max-video-preview:-1\" \/>\n<link rel=\"canonical\" href=\"https:\/\/kraege.de\/ltu\/services\/strawberries\/mittelspaete-sorten\/asia\/\" \/>\n<meta property=\"og:locale\" content=\"lt_LT\" \/>\n<meta property=\"og:type\" content=\"article\" \/>\n<meta property=\"og:title\" content=\"Asia - KRAEGE Beerenpflanzen ltu\" \/>\n<meta property=\"og:description\" content=\"Spalva Vidutini\u0161kai raudona, blizgi Pastaba Didel\u0117s uogos, geros prekybin\u0117s i\u0161vaizdos, pirmos uogos labai didel\u0117s \u2013 saugoma veisl\u0117, veisl\u0117s savininkas New Fruits, Italija Aija veisl\u0117 i\u0161 naujesni\u0173 vaisi\u0173. Italijoje pradeda nokti ma\u017edaug 2 \u2013 3 dienos po Elsantos. Tolygios formos ir patraukliai blizgan\u010dios, tvirtos uogos. Kai Asia ankstinama su dangomis, pirmos uogos da\u017enai deformuojasi. Uog\u0173 spalva [&hellip;]\" \/>\n<meta property=\"og:url\" content=\"https:\/\/kraege.de\/ltu\/services\/strawberries\/mittelspaete-sorten\/asia\/\" \/>\n<meta property=\"og:site_name\" content=\"KRAEGE Beerenpflanzen ltu\" \/>\n<meta property=\"article:modified_time\" content=\"2023-03-15T13:30:55+00:00\" \/>\n<meta property=\"og:image\" content=\"https:\/\/kraege.de\/kraege-2\/wp-content\/uploads\/sites\/8\/2015\/04\/asia_uk-151x320.jpg\" \/>\n<meta name=\"twitter:card\" content=\"summary\" \/>\n<meta name=\"twitter:label1\" content=\"Est. reading time\" \/>\n\t<meta name=\"twitter:data1\" content=\"1 minut\u0117\" \/>\n<script type=\"application\/ld+json\" class=\"yoast-schema-graph\">{\"@context\":\"https:\/\/schema.org\",\"@graph\":[{\"@type\":\"WebSite\",\"@id\":\"https:\/\/kraege.de\/ltu\/#website\",\"url\":\"https:\/\/kraege.de\/ltu\/\",\"name\":\"KRAEGE Beerenpflanzen ltu\",\"description\":\"Erdbeeren und Himbeeren aus der Region | Telgte | M\\u00fcnster | Warendorf\",\"potentialAction\":[{\"@type\":\"SearchAction\",\"target\":{\"@type\":\"EntryPoint\",\"urlTemplate\":\"https:\/\/kraege.de\/ltu\/?s={search_term_string}\"},\"query-input\":\"required name=search_term_string\"}],\"inLanguage\":\"lt-LT\"},{\"@type\":\"ImageObject\",\"@id\":\"https:\/\/kraege.de\/ltu\/services\/strawberries\/mittelspaete-sorten\/asia\/#primaryimage\",\"inLanguage\":\"lt-LT\",\"url\":\"https:\/\/kraege.de\/kraege-2\/wp-content\/uploads\/sites\/8\/2015\/04\/asia_uk-151x320.jpg\",\"contentUrl\":\"https:\/\/kraege.de\/kraege-2\/wp-content\/uploads\/sites\/8\/2015\/04\/asia_uk-151x320.jpg\"},{\"@type\":\"WebPage\",\"@id\":\"https:\/\/kraege.de\/ltu\/services\/strawberries\/mittelspaete-sorten\/asia\/#webpage\",\"url\":\"https:\/\/kraege.de\/ltu\/services\/strawberries\/mittelspaete-sorten\/asia\/\",\"name\":\"Asia - KRAEGE Beerenpflanzen ltu\",\"isPartOf\":{\"@id\":\"https:\/\/kraege.de\/ltu\/#website\"},\"primaryImageOfPage\":{\"@id\":\"https:\/\/kraege.de\/ltu\/services\/strawberries\/mittelspaete-sorten\/asia\/#primaryimage\"},\"datePublished\":\"2015-04-15T09:05:42+00:00\",\"dateModified\":\"2023-03-15T13:30:55+00:00\",\"breadcrumb\":{\"@id\":\"https:\/\/kraege.de\/ltu\/services\/strawberries\/mittelspaete-sorten\/asia\/#breadcrumb\"},\"inLanguage\":\"lt-LT\",\"potentialAction\":[{\"@type\":\"ReadAction\",\"target\":[\"https:\/\/kraege.de\/ltu\/services\/strawberries\/mittelspaete-sorten\/asia\/\"]}]},{\"@type\":\"BreadcrumbList\",\"@id\":\"https:\/\/kraege.de\/ltu\/services\/strawberries\/mittelspaete-sorten\/asia\/#breadcrumb\",\"itemListElement\":[{\"@type\":\"ListItem\",\"position\":1,\"name\":\"Home\",\"item\":\"https:\/\/kraege.de\/ltu\/\"},{\"@type\":\"ListItem\",\"position\":2,\"name\":\"Services\",\"item\":\"https:\/\/kraege.de\/ltu\/services\/\"},{\"@type\":\"ListItem\",\"position\":3,\"name\":\"Strawberries\",\"item\":\"https:\/\/kraege.de\/ltu\/services\/strawberries\/\"},{\"@type\":\"ListItem\",\"position\":4,\"name\":\"Vidutinio v\\u0117lyvumo veisl\\u0117s\",\"item\":\"https:\/\/kraege.de\/ltu\/services\/strawberries\/mittelspaete-sorten\/\"},{\"@type\":\"ListItem\",\"position\":5,\"name\":\"Asia\"}]}]}<\/script>\n<!-- \/ Yoast SEO plugin. -->","yoast_head_json":{"robots":{"index":"index","follow":"follow","max-snippet":"max-snippet:-1","max-image-preview":"max-image-preview:large","max-video-preview":"max-video-preview:-1"},"canonical":"https:\/\/kraege.de\/ltu\/services\/strawberries\/mittelspaete-sorten\/asia\/","og_locale":"lt_LT","og_type":"article","og_title":"Asia - KRAEGE Beerenpflanzen ltu","og_description":"Spalva Vidutini\u0161kai raudona, blizgi Pastaba Didel\u0117s uogos, geros prekybin\u0117s i\u0161vaizdos, pirmos uogos labai didel\u0117s \u2013 saugoma veisl\u0117, veisl\u0117s savininkas New Fruits, Italija Aija veisl\u0117 i\u0161 naujesni\u0173 vaisi\u0173. Italijoje pradeda nokti ma\u017edaug 2 \u2013 3 dienos po Elsantos. Tolygios formos ir patraukliai blizgan\u010dios, tvirtos uogos. Kai Asia ankstinama su dangomis, pirmos uogos da\u017enai deformuojasi. Uog\u0173 spalva [&hellip;]","og_url":"https:\/\/kraege.de\/ltu\/services\/strawberries\/mittelspaete-sorten\/asia\/","og_site_name":"KRAEGE Beerenpflanzen ltu","article_modified_time":"2023-03-15T13:30:55+00:00","og_image":[{"url":"https:\/\/kraege.de\/kraege-2\/wp-content\/uploads\/sites\/8\/2015\/04\/asia_uk-151x320.jpg"}],"twitter_card":"summary","twitter_misc":{"Est. reading time":"1 minut\u0117"},"schema":{"@context":"https:\/\/schema.org","@graph":[{"@type":"WebSite","@id":"https:\/\/kraege.de\/ltu\/#website","url":"https:\/\/kraege.de\/ltu\/","name":"KRAEGE Beerenpflanzen ltu","description":"Erdbeeren und Himbeeren aus der Region | Telgte | M\u00fcnster | Warendorf","potentialAction":[{"@type":"SearchAction","target":{"@type":"EntryPoint","urlTemplate":"https:\/\/kraege.de\/ltu\/?s={search_term_string}"},"query-input":"required name=search_term_string"}],"inLanguage":"lt-LT"},{"@type":"ImageObject","@id":"https:\/\/kraege.de\/ltu\/services\/strawberries\/mittelspaete-sorten\/asia\/#primaryimage","inLanguage":"lt-LT","url":"https:\/\/kraege.de\/kraege-2\/wp-content\/uploads\/sites\/8\/2015\/04\/asia_uk-151x320.jpg","contentUrl":"https:\/\/kraege.de\/kraege-2\/wp-content\/uploads\/sites\/8\/2015\/04\/asia_uk-151x320.jpg"},{"@type":"WebPage","@id":"https:\/\/kraege.de\/ltu\/services\/strawberries\/mittelspaete-sorten\/asia\/#webpage","url":"https:\/\/kraege.de\/ltu\/services\/strawberries\/mittelspaete-sorten\/asia\/","name":"Asia - KRAEGE Beerenpflanzen ltu","isPartOf":{"@id":"https:\/\/kraege.de\/ltu\/#website"},"primaryImageOfPage":{"@id":"https:\/\/kraege.de\/ltu\/services\/strawberries\/mittelspaete-sorten\/asia\/#primaryimage"},"datePublished":"2015-04-15T09:05:42+00:00","dateModified":"2023-03-15T13:30:55+00:00","breadcrumb":{"@id":"https:\/\/kraege.de\/ltu\/services\/strawberries\/mittelspaete-sorten\/asia\/#breadcrumb"},"inLanguage":"lt-LT","potentialAction":[{"@type":"ReadAction","target":["https:\/\/kraege.de\/ltu\/services\/strawberries\/mittelspaete-sorten\/asia\/"]}]},{"@type":"BreadcrumbList","@id":"https:\/\/kraege.de\/ltu\/services\/strawberries\/mittelspaete-sorten\/asia\/#breadcrumb","itemListElement":[{"@type":"ListItem","position":1,"name":"Home","item":"https:\/\/kraege.de\/ltu\/"},{"@type":"ListItem","position":2,"name":"Services","item":"https:\/\/kraege.de\/ltu\/services\/"},{"@type":"ListItem","position":3,"name":"Strawberries","item":"https:\/\/kraege.de\/ltu\/services\/strawberries\/"},{"@type":"ListItem","position":4,"name":"Vidutinio v\u0117lyvumo veisl\u0117s","item":"https:\/\/kraege.de\/ltu\/services\/strawberries\/mittelspaete-sorten\/"},{"@type":"ListItem","position":5,"name":"Asia"}]}]}},"_links":{"self":[{"href":"https:\/\/kraege.de\/ltu\/wp-json\/wp\/v2\/pages\/145"}],"collection":[{"href":"https:\/\/kraege.de\/ltu\/wp-json\/wp\/v2\/pages"}],"about":[{"href":"https:\/\/kraege.de\/ltu\/wp-json\/wp\/v2\/types\/page"}],"author":[{"embeddable":true,"href":"https:\/\/kraege.de\/ltu\/wp-json\/wp\/v2\/users\/1"}],"replies":[{"embeddable":true,"href":"https:\/\/kraege.de\/ltu\/wp-json\/wp\/v2\/comments?post=145"}],"version-history":[{"count":16,"href":"https:\/\/kraege.de\/ltu\/wp-json\/wp\/v2\/pages\/145\/revisions"}],"predecessor-version":[{"id":2470,"href":"https:\/\/kraege.de\/ltu\/wp-json\/wp\/v2\/pages\/145\/revisions\/2470"}],"up":[{"embeddable":true,"href":"https:\/\/kraege.de\/ltu\/wp-json\/wp\/v2\/pages\/57"}],"wp:attachment":[{"href":"https:\/\/kraege.de\/ltu\/wp-json\/wp\/v2\/media?parent=145"}],"curies":[{"name":"wp","href":"https:\/\/api.w.org\/{rel}","templated":true}]}}