{"id":143,"date":"2015-04-15T11:05:29","date_gmt":"2015-04-15T09:05:29","guid":{"rendered":"http:\/\/kraege.de\/kraege-21\/?page_id=143"},"modified":"2023-03-15T15:39:22","modified_gmt":"2023-03-15T14:39:22","slug":"sonata","status":"publish","type":"page","link":"https:\/\/kraege.de\/ltu\/services\/strawberries\/hauptreifezeit\/sonata\/","title":{"rendered":"Sonata"},"content":{"rendered":"<div class=\"tabelle-fruechte\">\n<table>\n<tbody>\n<tr>\n<td>Spalva<\/td>\n<td>Vidutini\u0161kai raudona, blizgi<\/td>\n<\/tr>\n<tr>\n<td>Pastava<\/td>\n<td>Tinkama desertui ir tiesioginei prekybai, nereikalauja ypatingos prie\u017ei\u016bros, noksta tolygiai, jautri, \u201ePhytophthora cactorum\u201c \u2013 \u0161akn\u0173 puviniui<\/td>\n<\/tr>\n<\/tbody>\n<\/table>\n<\/div>\n<div class=\"reifezeit\"><\/div>\n<div class=\"herkunft\">\u2013 saugoma veisl\u0117, veisl\u0117s savininkas: \u201eFresh Forward B.V.\u201c, Wageningen, Nyderlandai<\/div>\n<p>Sonata yra sukry\u017eminta (\u201eElsanta\u201c ir \u201ePolka\u201c) i\u0161 \u201eFresh Forward\u201c veisimo programos.<br \/>\nNokinimo laikas yra ma\u017edaug 1 \u2013 3 dienos po \u201eElsanta\u201c. Vaisiai daro \u012fsp\u016bd\u012f savo dyd\u017eiu, tvirtumu ir patrauklia forma.<br \/>\nVaisiai yra blizg\u016bs, vidutini\u0161kai raudoni, skonis yra geras, aromatingas.<br \/>\nKitas didelis prana\u0161umas prie\u0161 \u201eElsanta\u201c yra tas, kad labai lygios vaisiaus formos. Derlius yra didelis, skinasi greitai. Augalas yra tvirtas, bet pa\u017eeid\u017eiamas \u201ePhytophthora cactorum\u201c, tod\u0117l reikia naudoti pas\u0117li\u0173 apsaugos priemones. \u201eSonata\u201c jautri \u0161ilumai.Ankstinti dangomis galima,bet bus ne toks geras poveikis kaip su \u201eElsanta\u201c.<br \/>\nGalimas ir derliaus v\u0117linimas \u0161iaud\u0173 pagalba. \u201eSonata\u201c yra idealu pasirinkti (A+) arba WB<br \/>\ndaigus ir laukti gero derliaus.<br \/>\n\u201eSonata\u201c d\u0117l ger\u0173 uog\u0173 savybi\u0173 tapo pagrindine vidutinio ankstyvumo veisle.<\/p>\n","protected":false},"excerpt":{"rendered":"<p>Spalva Vidutini\u0161kai raudona, blizgi Pastava Tinkama desertui ir tiesioginei prekybai, nereikalauja ypatingos prie\u017ei\u016bros, noksta tolygiai, jautri, \u201ePhytophthora cactorum\u201c \u2013 \u0161akn\u0173 puviniui \u2013 saugoma veisl\u0117, veisl\u0117s savininkas: \u201eFresh Forward B.V.\u201c, Wageningen, Nyderlandai Sonata yra sukry\u017eminta (\u201eElsanta\u201c ir \u201ePolka\u201c) i\u0161 \u201eFresh Forward\u201c veisimo programos. Nokinimo laikas yra ma\u017edaug 1 \u2013 3 dienos po \u201eElsanta\u201c. Vaisiai daro \u012fsp\u016bd\u012f [&hellip;]<\/p>\n","protected":false},"author":1,"featured_media":0,"parent":55,"menu_order":7,"comment_status":"open","ping_status":"closed","template":"page_frucht.php","meta":[],"yoast_head":"<!-- This site is optimized with the Yoast SEO plugin v17.2.1 - https:\/\/yoast.com\/wordpress\/plugins\/seo\/ -->\n<meta name=\"robots\" content=\"index, follow, max-snippet:-1, max-image-preview:large, max-video-preview:-1\" \/>\n<link rel=\"canonical\" href=\"https:\/\/kraege.de\/ltu\/services\/strawberries\/hauptreifezeit\/sonata\/\" \/>\n<meta property=\"og:locale\" content=\"lt_LT\" \/>\n<meta property=\"og:type\" content=\"article\" \/>\n<meta property=\"og:title\" content=\"Sonata - KRAEGE Beerenpflanzen ltu\" \/>\n<meta property=\"og:description\" content=\"Spalva Vidutini\u0161kai raudona, blizgi Pastava Tinkama desertui ir tiesioginei prekybai, nereikalauja ypatingos prie\u017ei\u016bros, noksta tolygiai, jautri, \u201ePhytophthora cactorum\u201c \u2013 \u0161akn\u0173 puviniui \u2013 saugoma veisl\u0117, veisl\u0117s savininkas: \u201eFresh Forward B.V.\u201c, Wageningen, Nyderlandai Sonata yra sukry\u017eminta (\u201eElsanta\u201c ir \u201ePolka\u201c) i\u0161 \u201eFresh Forward\u201c veisimo programos. Nokinimo laikas yra ma\u017edaug 1 \u2013 3 dienos po \u201eElsanta\u201c. Vaisiai daro \u012fsp\u016bd\u012f [&hellip;]\" \/>\n<meta property=\"og:url\" content=\"https:\/\/kraege.de\/ltu\/services\/strawberries\/hauptreifezeit\/sonata\/\" \/>\n<meta property=\"og:site_name\" content=\"KRAEGE Beerenpflanzen ltu\" \/>\n<meta property=\"article:modified_time\" content=\"2023-03-15T14:39:22+00:00\" \/>\n<meta name=\"twitter:card\" content=\"summary\" \/>\n<meta name=\"twitter:label1\" content=\"Est. reading time\" \/>\n\t<meta name=\"twitter:data1\" content=\"1 minut\u0117\" \/>\n<script type=\"application\/ld+json\" class=\"yoast-schema-graph\">{\"@context\":\"https:\/\/schema.org\",\"@graph\":[{\"@type\":\"WebSite\",\"@id\":\"https:\/\/kraege.de\/ltu\/#website\",\"url\":\"https:\/\/kraege.de\/ltu\/\",\"name\":\"KRAEGE Beerenpflanzen ltu\",\"description\":\"Erdbeeren und Himbeeren aus der Region | Telgte | M\\u00fcnster | Warendorf\",\"potentialAction\":[{\"@type\":\"SearchAction\",\"target\":{\"@type\":\"EntryPoint\",\"urlTemplate\":\"https:\/\/kraege.de\/ltu\/?s={search_term_string}\"},\"query-input\":\"required name=search_term_string\"}],\"inLanguage\":\"lt-LT\"},{\"@type\":\"WebPage\",\"@id\":\"https:\/\/kraege.de\/ltu\/services\/strawberries\/hauptreifezeit\/sonata\/#webpage\",\"url\":\"https:\/\/kraege.de\/ltu\/services\/strawberries\/hauptreifezeit\/sonata\/\",\"name\":\"Sonata - KRAEGE Beerenpflanzen ltu\",\"isPartOf\":{\"@id\":\"https:\/\/kraege.de\/ltu\/#website\"},\"datePublished\":\"2015-04-15T09:05:29+00:00\",\"dateModified\":\"2023-03-15T14:39:22+00:00\",\"breadcrumb\":{\"@id\":\"https:\/\/kraege.de\/ltu\/services\/strawberries\/hauptreifezeit\/sonata\/#breadcrumb\"},\"inLanguage\":\"lt-LT\",\"potentialAction\":[{\"@type\":\"ReadAction\",\"target\":[\"https:\/\/kraege.de\/ltu\/services\/strawberries\/hauptreifezeit\/sonata\/\"]}]},{\"@type\":\"BreadcrumbList\",\"@id\":\"https:\/\/kraege.de\/ltu\/services\/strawberries\/hauptreifezeit\/sonata\/#breadcrumb\",\"itemListElement\":[{\"@type\":\"ListItem\",\"position\":1,\"name\":\"Home\",\"item\":\"https:\/\/kraege.de\/ltu\/\"},{\"@type\":\"ListItem\",\"position\":2,\"name\":\"Services\",\"item\":\"https:\/\/kraege.de\/ltu\/services\/\"},{\"@type\":\"ListItem\",\"position\":3,\"name\":\"Strawberries\",\"item\":\"https:\/\/kraege.de\/ltu\/services\/strawberries\/\"},{\"@type\":\"ListItem\",\"position\":4,\"name\":\"Vidutinio nokimoveisl\\u0117s\",\"item\":\"https:\/\/kraege.de\/ltu\/services\/strawberries\/hauptreifezeit\/\"},{\"@type\":\"ListItem\",\"position\":5,\"name\":\"Sonata\"}]}]}<\/script>\n<!-- \/ Yoast SEO plugin. -->","yoast_head_json":{"robots":{"index":"index","follow":"follow","max-snippet":"max-snippet:-1","max-image-preview":"max-image-preview:large","max-video-preview":"max-video-preview:-1"},"canonical":"https:\/\/kraege.de\/ltu\/services\/strawberries\/hauptreifezeit\/sonata\/","og_locale":"lt_LT","og_type":"article","og_title":"Sonata - KRAEGE Beerenpflanzen ltu","og_description":"Spalva Vidutini\u0161kai raudona, blizgi Pastava Tinkama desertui ir tiesioginei prekybai, nereikalauja ypatingos prie\u017ei\u016bros, noksta tolygiai, jautri, \u201ePhytophthora cactorum\u201c \u2013 \u0161akn\u0173 puviniui \u2013 saugoma veisl\u0117, veisl\u0117s savininkas: \u201eFresh Forward B.V.\u201c, Wageningen, Nyderlandai Sonata yra sukry\u017eminta (\u201eElsanta\u201c ir \u201ePolka\u201c) i\u0161 \u201eFresh Forward\u201c veisimo programos. Nokinimo laikas yra ma\u017edaug 1 \u2013 3 dienos po \u201eElsanta\u201c. Vaisiai daro \u012fsp\u016bd\u012f [&hellip;]","og_url":"https:\/\/kraege.de\/ltu\/services\/strawberries\/hauptreifezeit\/sonata\/","og_site_name":"KRAEGE Beerenpflanzen ltu","article_modified_time":"2023-03-15T14:39:22+00:00","twitter_card":"summary","twitter_misc":{"Est. reading time":"1 minut\u0117"},"schema":{"@context":"https:\/\/schema.org","@graph":[{"@type":"WebSite","@id":"https:\/\/kraege.de\/ltu\/#website","url":"https:\/\/kraege.de\/ltu\/","name":"KRAEGE Beerenpflanzen ltu","description":"Erdbeeren und Himbeeren aus der Region | Telgte | M\u00fcnster | Warendorf","potentialAction":[{"@type":"SearchAction","target":{"@type":"EntryPoint","urlTemplate":"https:\/\/kraege.de\/ltu\/?s={search_term_string}"},"query-input":"required name=search_term_string"}],"inLanguage":"lt-LT"},{"@type":"WebPage","@id":"https:\/\/kraege.de\/ltu\/services\/strawberries\/hauptreifezeit\/sonata\/#webpage","url":"https:\/\/kraege.de\/ltu\/services\/strawberries\/hauptreifezeit\/sonata\/","name":"Sonata - KRAEGE Beerenpflanzen ltu","isPartOf":{"@id":"https:\/\/kraege.de\/ltu\/#website"},"datePublished":"2015-04-15T09:05:29+00:00","dateModified":"2023-03-15T14:39:22+00:00","breadcrumb":{"@id":"https:\/\/kraege.de\/ltu\/services\/strawberries\/hauptreifezeit\/sonata\/#breadcrumb"},"inLanguage":"lt-LT","potentialAction":[{"@type":"ReadAction","target":["https:\/\/kraege.de\/ltu\/services\/strawberries\/hauptreifezeit\/sonata\/"]}]},{"@type":"BreadcrumbList","@id":"https:\/\/kraege.de\/ltu\/services\/strawberries\/hauptreifezeit\/sonata\/#breadcrumb","itemListElement":[{"@type":"ListItem","position":1,"name":"Home","item":"https:\/\/kraege.de\/ltu\/"},{"@type":"ListItem","position":2,"name":"Services","item":"https:\/\/kraege.de\/ltu\/services\/"},{"@type":"ListItem","position":3,"name":"Strawberries","item":"https:\/\/kraege.de\/ltu\/services\/strawberries\/"},{"@type":"ListItem","position":4,"name":"Vidutinio nokimoveisl\u0117s","item":"https:\/\/kraege.de\/ltu\/services\/strawberries\/hauptreifezeit\/"},{"@type":"ListItem","position":5,"name":"Sonata"}]}]}},"_links":{"self":[{"href":"https:\/\/kraege.de\/ltu\/wp-json\/wp\/v2\/pages\/143"}],"collection":[{"href":"https:\/\/kraege.de\/ltu\/wp-json\/wp\/v2\/pages"}],"about":[{"href":"https:\/\/kraege.de\/ltu\/wp-json\/wp\/v2\/types\/page"}],"author":[{"embeddable":true,"href":"https:\/\/kraege.de\/ltu\/wp-json\/wp\/v2\/users\/1"}],"replies":[{"embeddable":true,"href":"https:\/\/kraege.de\/ltu\/wp-json\/wp\/v2\/comments?post=143"}],"version-history":[{"count":15,"href":"https:\/\/kraege.de\/ltu\/wp-json\/wp\/v2\/pages\/143\/revisions"}],"predecessor-version":[{"id":2486,"href":"https:\/\/kraege.de\/ltu\/wp-json\/wp\/v2\/pages\/143\/revisions\/2486"}],"up":[{"embeddable":true,"href":"https:\/\/kraege.de\/ltu\/wp-json\/wp\/v2\/pages\/55"}],"wp:attachment":[{"href":"https:\/\/kraege.de\/ltu\/wp-json\/wp\/v2\/media?parent=143"}],"curies":[{"name":"wp","href":"https:\/\/api.w.org\/{rel}","templated":true}]}}