{"id":141,"date":"2015-04-15T11:05:15","date_gmt":"2015-04-15T09:05:15","guid":{"rendered":"http:\/\/kraege.de\/kraege-21\/?page_id=141"},"modified":"2023-03-15T17:59:00","modified_gmt":"2023-03-15T16:59:00","slug":"elegance","status":"publish","type":"page","link":"https:\/\/kraege.de\/ltu\/services\/strawberries\/early-season\/elegance\/","title":{"rendered":"Elegance"},"content":{"rendered":"<div class=\"tabelle-fruechte\">\n<table>\n<tbody>\n<tr>\n<td>Spalva<\/td>\n<td>Vidutini\u0161kai raudona, blizgi<\/td>\n<\/tr>\n<tr>\n<td>Pastaba<\/td>\n<td>Labai gra\u017eios uogos, blizgus pavir\u0161ius, labai tinkama prekybai, ta\u010diau labai jautri, \u201ePhytophthora cactorum\u201c \u2013 \u0161akn\u0173 puviniui<\/td>\n<\/tr>\n<\/tbody>\n<\/table>\n<\/div>\n<div class=\"reifezeit\"><\/div>\n<div class=\"herkunft\">\u2013 saugoma veisl\u0117, veisl\u0117s savininkas: Meiosis, Did\u017eioji Britanija<\/div>\n<p><a href=\"https:\/\/kraege.de\/kraege-2\/wp-content\/uploads\/sites\/8\/2015\/04\/www.en_elegance.jpg\"><img loading=\"lazy\" class=\"alignleft wp-image-1621 size-medium\" src=\"https:\/\/kraege.de\/kraege-2\/wp-content\/uploads\/sites\/8\/2015\/04\/www.en_elegance-166x320.jpg\" alt=\"\" width=\"166\" height=\"320\" srcset=\"https:\/\/kraege.de\/ltu\/wp-content\/uploads\/sites\/8\/2015\/04\/www.en_elegance-166x320.jpg 166w, https:\/\/kraege.de\/ltu\/wp-content\/uploads\/sites\/8\/2015\/04\/www.en_elegance-531x1024.jpg 531w, https:\/\/kraege.de\/ltu\/wp-content\/uploads\/sites\/8\/2015\/04\/www.en_elegance.jpg 746w\" sizes=\"(max-width: 166px) 100vw, 166px\" \/><\/a>Elegancija (EM 1276) veisl\u0117 i\u0161 veisimo programos \u201eEast Malling\u201c vidutinio ankstyvumo (\u0161iek tiek v\u0117liau nei Elsanta). Derliaus nu\u0117mimo laikas yra ilgas. Elegancija dera didel\u0117mis, labai taisyklingomis, vidutini\u0161kai raudonomis uogomis. Blizgios, labai gra\u017eios uogos.<br \/>\n\u0160ios veisl\u0117s derlingumas yra labai didelis ir didel\u0117 dalis uog\u0173 u\u017eima 1 komercin\u0119 klas\u0119. Pagal der\u0117jimo laikotarp\u012f \u201eElegance\u201c yra labai tinkama prekybai. Skonis ir aromatas vidutini\u0161kas. Uogos gerai skinasi, lap\u0173 kotai yra stati, \u017eiedko\u010diai auk\u0161ti.<br \/>\nVeislei reikia prie\u017ei\u016bros nuo lig\u0173, dirvo\u017eemis turi b\u016bti neu\u017ekr\u0117stas. Jautri miltligei ir ypa\u010d, \u201efitoftorai cactorum\u201c.<\/p>\n<p>Elegance uogos yra labai gra\u017eios, perspektyvios ma\u017emeninei prekybai.<\/p>\n<p><a href=\"https:\/\/kraege.de\/kraege-2\/wp-content\/uploads\/sites\/8\/2016\/02\/Elegance_im_vergleich_en.jpg\"><img loading=\"lazy\" class=\"alignleft wp-image-1661 size-large\" src=\"https:\/\/kraege.de\/kraege-2\/wp-content\/uploads\/sites\/8\/2016\/02\/Elegance_im_vergleich_en-1024x318.jpg\" alt=\"\" width=\"1024\" height=\"318\" srcset=\"https:\/\/kraege.de\/ltu\/wp-content\/uploads\/sites\/8\/2016\/02\/Elegance_im_vergleich_en-1024x318.jpg 1024w, https:\/\/kraege.de\/ltu\/wp-content\/uploads\/sites\/8\/2016\/02\/Elegance_im_vergleich_en-320x100.jpg 320w, https:\/\/kraege.de\/ltu\/wp-content\/uploads\/sites\/8\/2016\/02\/Elegance_im_vergleich_en-768x239.jpg 768w\" sizes=\"(max-width: 1024px) 100vw, 1024px\" \/><\/a><\/p>\n","protected":false},"excerpt":{"rendered":"<p>Spalva Vidutini\u0161kai raudona, blizgi Pastaba Labai gra\u017eios uogos, blizgus pavir\u0161ius, labai tinkama prekybai, ta\u010diau labai jautri, \u201ePhytophthora cactorum\u201c \u2013 \u0161akn\u0173 puviniui \u2013 saugoma veisl\u0117, veisl\u0117s savininkas: Meiosis, Did\u017eioji Britanija Elegancija (EM 1276) veisl\u0117 i\u0161 veisimo programos \u201eEast Malling\u201c vidutinio ankstyvumo (\u0161iek tiek v\u0117liau nei Elsanta). Derliaus nu\u0117mimo laikas yra ilgas. Elegancija dera didel\u0117mis, labai taisyklingomis, [&hellip;]<\/p>\n","protected":false},"author":1,"featured_media":0,"parent":53,"menu_order":17,"comment_status":"open","ping_status":"closed","template":"page_frucht.php","meta":[],"yoast_head":"<!-- This site is optimized with the Yoast SEO plugin v17.2.1 - https:\/\/yoast.com\/wordpress\/plugins\/seo\/ -->\n<meta name=\"robots\" content=\"index, follow, max-snippet:-1, max-image-preview:large, max-video-preview:-1\" \/>\n<link rel=\"canonical\" href=\"https:\/\/kraege.de\/ltu\/services\/strawberries\/early-season\/elegance\/\" \/>\n<meta property=\"og:locale\" content=\"lt_LT\" \/>\n<meta property=\"og:type\" content=\"article\" \/>\n<meta property=\"og:title\" content=\"Elegance - KRAEGE Beerenpflanzen ltu\" \/>\n<meta property=\"og:description\" content=\"Spalva Vidutini\u0161kai raudona, blizgi Pastaba Labai gra\u017eios uogos, blizgus pavir\u0161ius, labai tinkama prekybai, ta\u010diau labai jautri, \u201ePhytophthora cactorum\u201c \u2013 \u0161akn\u0173 puviniui \u2013 saugoma veisl\u0117, veisl\u0117s savininkas: Meiosis, Did\u017eioji Britanija Elegancija (EM 1276) veisl\u0117 i\u0161 veisimo programos \u201eEast Malling\u201c vidutinio ankstyvumo (\u0161iek tiek v\u0117liau nei Elsanta). Derliaus nu\u0117mimo laikas yra ilgas. Elegancija dera didel\u0117mis, labai taisyklingomis, [&hellip;]\" \/>\n<meta property=\"og:url\" content=\"https:\/\/kraege.de\/ltu\/services\/strawberries\/early-season\/elegance\/\" \/>\n<meta property=\"og:site_name\" content=\"KRAEGE Beerenpflanzen ltu\" \/>\n<meta property=\"article:modified_time\" content=\"2023-03-15T16:59:00+00:00\" \/>\n<meta property=\"og:image\" content=\"https:\/\/kraege.de\/kraege-2\/wp-content\/uploads\/sites\/8\/2015\/04\/www.en_elegance-166x320.jpg\" \/>\n<meta name=\"twitter:card\" content=\"summary\" \/>\n<meta name=\"twitter:label1\" content=\"Est. reading time\" \/>\n\t<meta name=\"twitter:data1\" content=\"1 minut\u0117\" \/>\n<script type=\"application\/ld+json\" class=\"yoast-schema-graph\">{\"@context\":\"https:\/\/schema.org\",\"@graph\":[{\"@type\":\"WebSite\",\"@id\":\"https:\/\/kraege.de\/ltu\/#website\",\"url\":\"https:\/\/kraege.de\/ltu\/\",\"name\":\"KRAEGE Beerenpflanzen ltu\",\"description\":\"Erdbeeren und Himbeeren aus der Region | Telgte | M\\u00fcnster | Warendorf\",\"potentialAction\":[{\"@type\":\"SearchAction\",\"target\":{\"@type\":\"EntryPoint\",\"urlTemplate\":\"https:\/\/kraege.de\/ltu\/?s={search_term_string}\"},\"query-input\":\"required name=search_term_string\"}],\"inLanguage\":\"lt-LT\"},{\"@type\":\"ImageObject\",\"@id\":\"https:\/\/kraege.de\/ltu\/services\/strawberries\/early-season\/elegance\/#primaryimage\",\"inLanguage\":\"lt-LT\",\"url\":\"https:\/\/kraege.de\/kraege-2\/wp-content\/uploads\/sites\/8\/2015\/04\/www.en_elegance-166x320.jpg\",\"contentUrl\":\"https:\/\/kraege.de\/kraege-2\/wp-content\/uploads\/sites\/8\/2015\/04\/www.en_elegance-166x320.jpg\"},{\"@type\":\"WebPage\",\"@id\":\"https:\/\/kraege.de\/ltu\/services\/strawberries\/early-season\/elegance\/#webpage\",\"url\":\"https:\/\/kraege.de\/ltu\/services\/strawberries\/early-season\/elegance\/\",\"name\":\"Elegance - KRAEGE Beerenpflanzen ltu\",\"isPartOf\":{\"@id\":\"https:\/\/kraege.de\/ltu\/#website\"},\"primaryImageOfPage\":{\"@id\":\"https:\/\/kraege.de\/ltu\/services\/strawberries\/early-season\/elegance\/#primaryimage\"},\"datePublished\":\"2015-04-15T09:05:15+00:00\",\"dateModified\":\"2023-03-15T16:59:00+00:00\",\"breadcrumb\":{\"@id\":\"https:\/\/kraege.de\/ltu\/services\/strawberries\/early-season\/elegance\/#breadcrumb\"},\"inLanguage\":\"lt-LT\",\"potentialAction\":[{\"@type\":\"ReadAction\",\"target\":[\"https:\/\/kraege.de\/ltu\/services\/strawberries\/early-season\/elegance\/\"]}]},{\"@type\":\"BreadcrumbList\",\"@id\":\"https:\/\/kraege.de\/ltu\/services\/strawberries\/early-season\/elegance\/#breadcrumb\",\"itemListElement\":[{\"@type\":\"ListItem\",\"position\":1,\"name\":\"Home\",\"item\":\"https:\/\/kraege.de\/ltu\/\"},{\"@type\":\"ListItem\",\"position\":2,\"name\":\"Services\",\"item\":\"https:\/\/kraege.de\/ltu\/services\/\"},{\"@type\":\"ListItem\",\"position\":3,\"name\":\"Strawberries\",\"item\":\"https:\/\/kraege.de\/ltu\/services\/strawberries\/\"},{\"@type\":\"ListItem\",\"position\":4,\"name\":\"Ankstyvos veisl\\u0117s\",\"item\":\"https:\/\/kraege.de\/ltu\/services\/strawberries\/early-season\/\"},{\"@type\":\"ListItem\",\"position\":5,\"name\":\"Elegance\"}]}]}<\/script>\n<!-- \/ Yoast SEO plugin. -->","yoast_head_json":{"robots":{"index":"index","follow":"follow","max-snippet":"max-snippet:-1","max-image-preview":"max-image-preview:large","max-video-preview":"max-video-preview:-1"},"canonical":"https:\/\/kraege.de\/ltu\/services\/strawberries\/early-season\/elegance\/","og_locale":"lt_LT","og_type":"article","og_title":"Elegance - KRAEGE Beerenpflanzen ltu","og_description":"Spalva Vidutini\u0161kai raudona, blizgi Pastaba Labai gra\u017eios uogos, blizgus pavir\u0161ius, labai tinkama prekybai, ta\u010diau labai jautri, \u201ePhytophthora cactorum\u201c \u2013 \u0161akn\u0173 puviniui \u2013 saugoma veisl\u0117, veisl\u0117s savininkas: Meiosis, Did\u017eioji Britanija Elegancija (EM 1276) veisl\u0117 i\u0161 veisimo programos \u201eEast Malling\u201c vidutinio ankstyvumo (\u0161iek tiek v\u0117liau nei Elsanta). Derliaus nu\u0117mimo laikas yra ilgas. Elegancija dera didel\u0117mis, labai taisyklingomis, [&hellip;]","og_url":"https:\/\/kraege.de\/ltu\/services\/strawberries\/early-season\/elegance\/","og_site_name":"KRAEGE Beerenpflanzen ltu","article_modified_time":"2023-03-15T16:59:00+00:00","og_image":[{"url":"https:\/\/kraege.de\/kraege-2\/wp-content\/uploads\/sites\/8\/2015\/04\/www.en_elegance-166x320.jpg"}],"twitter_card":"summary","twitter_misc":{"Est. reading time":"1 minut\u0117"},"schema":{"@context":"https:\/\/schema.org","@graph":[{"@type":"WebSite","@id":"https:\/\/kraege.de\/ltu\/#website","url":"https:\/\/kraege.de\/ltu\/","name":"KRAEGE Beerenpflanzen ltu","description":"Erdbeeren und Himbeeren aus der Region | Telgte | M\u00fcnster | Warendorf","potentialAction":[{"@type":"SearchAction","target":{"@type":"EntryPoint","urlTemplate":"https:\/\/kraege.de\/ltu\/?s={search_term_string}"},"query-input":"required name=search_term_string"}],"inLanguage":"lt-LT"},{"@type":"ImageObject","@id":"https:\/\/kraege.de\/ltu\/services\/strawberries\/early-season\/elegance\/#primaryimage","inLanguage":"lt-LT","url":"https:\/\/kraege.de\/kraege-2\/wp-content\/uploads\/sites\/8\/2015\/04\/www.en_elegance-166x320.jpg","contentUrl":"https:\/\/kraege.de\/kraege-2\/wp-content\/uploads\/sites\/8\/2015\/04\/www.en_elegance-166x320.jpg"},{"@type":"WebPage","@id":"https:\/\/kraege.de\/ltu\/services\/strawberries\/early-season\/elegance\/#webpage","url":"https:\/\/kraege.de\/ltu\/services\/strawberries\/early-season\/elegance\/","name":"Elegance - KRAEGE Beerenpflanzen ltu","isPartOf":{"@id":"https:\/\/kraege.de\/ltu\/#website"},"primaryImageOfPage":{"@id":"https:\/\/kraege.de\/ltu\/services\/strawberries\/early-season\/elegance\/#primaryimage"},"datePublished":"2015-04-15T09:05:15+00:00","dateModified":"2023-03-15T16:59:00+00:00","breadcrumb":{"@id":"https:\/\/kraege.de\/ltu\/services\/strawberries\/early-season\/elegance\/#breadcrumb"},"inLanguage":"lt-LT","potentialAction":[{"@type":"ReadAction","target":["https:\/\/kraege.de\/ltu\/services\/strawberries\/early-season\/elegance\/"]}]},{"@type":"BreadcrumbList","@id":"https:\/\/kraege.de\/ltu\/services\/strawberries\/early-season\/elegance\/#breadcrumb","itemListElement":[{"@type":"ListItem","position":1,"name":"Home","item":"https:\/\/kraege.de\/ltu\/"},{"@type":"ListItem","position":2,"name":"Services","item":"https:\/\/kraege.de\/ltu\/services\/"},{"@type":"ListItem","position":3,"name":"Strawberries","item":"https:\/\/kraege.de\/ltu\/services\/strawberries\/"},{"@type":"ListItem","position":4,"name":"Ankstyvos veisl\u0117s","item":"https:\/\/kraege.de\/ltu\/services\/strawberries\/early-season\/"},{"@type":"ListItem","position":5,"name":"Elegance"}]}]}},"_links":{"self":[{"href":"https:\/\/kraege.de\/ltu\/wp-json\/wp\/v2\/pages\/141"}],"collection":[{"href":"https:\/\/kraege.de\/ltu\/wp-json\/wp\/v2\/pages"}],"about":[{"href":"https:\/\/kraege.de\/ltu\/wp-json\/wp\/v2\/types\/page"}],"author":[{"embeddable":true,"href":"https:\/\/kraege.de\/ltu\/wp-json\/wp\/v2\/users\/1"}],"replies":[{"embeddable":true,"href":"https:\/\/kraege.de\/ltu\/wp-json\/wp\/v2\/comments?post=141"}],"version-history":[{"count":26,"href":"https:\/\/kraege.de\/ltu\/wp-json\/wp\/v2\/pages\/141\/revisions"}],"predecessor-version":[{"id":2531,"href":"https:\/\/kraege.de\/ltu\/wp-json\/wp\/v2\/pages\/141\/revisions\/2531"}],"up":[{"embeddable":true,"href":"https:\/\/kraege.de\/ltu\/wp-json\/wp\/v2\/pages\/53"}],"wp:attachment":[{"href":"https:\/\/kraege.de\/ltu\/wp-json\/wp\/v2\/media?parent=141"}],"curies":[{"name":"wp","href":"https:\/\/api.w.org\/{rel}","templated":true}]}}