{"id":131,"date":"2015-04-15T11:03:56","date_gmt":"2015-04-15T09:03:56","guid":{"rendered":"http:\/\/kraege.de\/kraege-21\/?page_id=131"},"modified":"2023-03-15T17:55:11","modified_gmt":"2023-03-15T16:55:11","slug":"lambada","status":"publish","type":"page","link":"https:\/\/kraege.de\/ltu\/services\/strawberries\/early-season\/lambada\/","title":{"rendered":"Lambada"},"content":{"rendered":"<div class=\"tabelle-fruechte\">\n<table>\n<tbody>\n<tr>\n<td>Spalva<\/td>\n<td>Vidutini\u0161kai raudona ar raudona, \u0161iek tiek blizganti<\/td>\n<\/tr>\n<tr>\n<td>Pastaba<\/td>\n<td>Veisl\u0117 labai jautri pel\u0117siui<\/td>\n<\/tr>\n<\/tbody>\n<\/table>\n<\/div>\n<div class=\"reifezeit\"><\/div>\n<div class=\"herkunft\">\u2013 saugoma veisl\u0117, veisl\u0117s savininkas: \u201eFresh Forward B.V.\u201c, Wageningen, Nyderlandai<\/div>\n","protected":false},"excerpt":{"rendered":"<p>Spalva Vidutini\u0161kai raudona ar raudona, \u0161iek tiek blizganti Pastaba Veisl\u0117 labai jautri pel\u0117siui \u2013 saugoma veisl\u0117, veisl\u0117s savininkas: \u201eFresh Forward B.V.\u201c, Wageningen, Nyderlandai<\/p>\n","protected":false},"author":1,"featured_media":0,"parent":53,"menu_order":15,"comment_status":"open","ping_status":"closed","template":"page_frucht.php","meta":[],"yoast_head":"<!-- This site is optimized with the Yoast SEO plugin v17.2.1 - https:\/\/yoast.com\/wordpress\/plugins\/seo\/ -->\n<meta name=\"robots\" content=\"index, follow, max-snippet:-1, max-image-preview:large, max-video-preview:-1\" \/>\n<link rel=\"canonical\" href=\"https:\/\/kraege.de\/ltu\/services\/strawberries\/early-season\/lambada\/\" \/>\n<meta property=\"og:locale\" content=\"lt_LT\" \/>\n<meta property=\"og:type\" content=\"article\" \/>\n<meta property=\"og:title\" content=\"Lambada - KRAEGE Beerenpflanzen ltu\" \/>\n<meta property=\"og:description\" content=\"Spalva Vidutini\u0161kai raudona ar raudona, \u0161iek tiek blizganti Pastaba Veisl\u0117 labai jautri pel\u0117siui \u2013 saugoma veisl\u0117, veisl\u0117s savininkas: \u201eFresh Forward B.V.\u201c, Wageningen, Nyderlandai\" \/>\n<meta property=\"og:url\" content=\"https:\/\/kraege.de\/ltu\/services\/strawberries\/early-season\/lambada\/\" \/>\n<meta property=\"og:site_name\" content=\"KRAEGE Beerenpflanzen ltu\" \/>\n<meta property=\"article:modified_time\" content=\"2023-03-15T16:55:11+00:00\" \/>\n<meta name=\"twitter:card\" content=\"summary\" \/>\n<meta name=\"twitter:label1\" content=\"Est. reading time\" \/>\n\t<meta name=\"twitter:data1\" content=\"1 minut\u0117\" \/>\n<script type=\"application\/ld+json\" class=\"yoast-schema-graph\">{\"@context\":\"https:\/\/schema.org\",\"@graph\":[{\"@type\":\"WebSite\",\"@id\":\"https:\/\/kraege.de\/ltu\/#website\",\"url\":\"https:\/\/kraege.de\/ltu\/\",\"name\":\"KRAEGE Beerenpflanzen ltu\",\"description\":\"Erdbeeren und Himbeeren aus der Region | Telgte | M\\u00fcnster | Warendorf\",\"potentialAction\":[{\"@type\":\"SearchAction\",\"target\":{\"@type\":\"EntryPoint\",\"urlTemplate\":\"https:\/\/kraege.de\/ltu\/?s={search_term_string}\"},\"query-input\":\"required name=search_term_string\"}],\"inLanguage\":\"lt-LT\"},{\"@type\":\"WebPage\",\"@id\":\"https:\/\/kraege.de\/ltu\/services\/strawberries\/early-season\/lambada\/#webpage\",\"url\":\"https:\/\/kraege.de\/ltu\/services\/strawberries\/early-season\/lambada\/\",\"name\":\"Lambada - KRAEGE Beerenpflanzen ltu\",\"isPartOf\":{\"@id\":\"https:\/\/kraege.de\/ltu\/#website\"},\"datePublished\":\"2015-04-15T09:03:56+00:00\",\"dateModified\":\"2023-03-15T16:55:11+00:00\",\"breadcrumb\":{\"@id\":\"https:\/\/kraege.de\/ltu\/services\/strawberries\/early-season\/lambada\/#breadcrumb\"},\"inLanguage\":\"lt-LT\",\"potentialAction\":[{\"@type\":\"ReadAction\",\"target\":[\"https:\/\/kraege.de\/ltu\/services\/strawberries\/early-season\/lambada\/\"]}]},{\"@type\":\"BreadcrumbList\",\"@id\":\"https:\/\/kraege.de\/ltu\/services\/strawberries\/early-season\/lambada\/#breadcrumb\",\"itemListElement\":[{\"@type\":\"ListItem\",\"position\":1,\"name\":\"Home\",\"item\":\"https:\/\/kraege.de\/ltu\/\"},{\"@type\":\"ListItem\",\"position\":2,\"name\":\"Services\",\"item\":\"https:\/\/kraege.de\/ltu\/services\/\"},{\"@type\":\"ListItem\",\"position\":3,\"name\":\"Strawberries\",\"item\":\"https:\/\/kraege.de\/ltu\/services\/strawberries\/\"},{\"@type\":\"ListItem\",\"position\":4,\"name\":\"Ankstyvos veisl\\u0117s\",\"item\":\"https:\/\/kraege.de\/ltu\/services\/strawberries\/early-season\/\"},{\"@type\":\"ListItem\",\"position\":5,\"name\":\"Lambada\"}]}]}<\/script>\n<!-- \/ Yoast SEO plugin. -->","yoast_head_json":{"robots":{"index":"index","follow":"follow","max-snippet":"max-snippet:-1","max-image-preview":"max-image-preview:large","max-video-preview":"max-video-preview:-1"},"canonical":"https:\/\/kraege.de\/ltu\/services\/strawberries\/early-season\/lambada\/","og_locale":"lt_LT","og_type":"article","og_title":"Lambada - KRAEGE Beerenpflanzen ltu","og_description":"Spalva Vidutini\u0161kai raudona ar raudona, \u0161iek tiek blizganti Pastaba Veisl\u0117 labai jautri pel\u0117siui \u2013 saugoma veisl\u0117, veisl\u0117s savininkas: \u201eFresh Forward B.V.\u201c, Wageningen, Nyderlandai","og_url":"https:\/\/kraege.de\/ltu\/services\/strawberries\/early-season\/lambada\/","og_site_name":"KRAEGE Beerenpflanzen ltu","article_modified_time":"2023-03-15T16:55:11+00:00","twitter_card":"summary","twitter_misc":{"Est. reading time":"1 minut\u0117"},"schema":{"@context":"https:\/\/schema.org","@graph":[{"@type":"WebSite","@id":"https:\/\/kraege.de\/ltu\/#website","url":"https:\/\/kraege.de\/ltu\/","name":"KRAEGE Beerenpflanzen ltu","description":"Erdbeeren und Himbeeren aus der Region | Telgte | M\u00fcnster | Warendorf","potentialAction":[{"@type":"SearchAction","target":{"@type":"EntryPoint","urlTemplate":"https:\/\/kraege.de\/ltu\/?s={search_term_string}"},"query-input":"required name=search_term_string"}],"inLanguage":"lt-LT"},{"@type":"WebPage","@id":"https:\/\/kraege.de\/ltu\/services\/strawberries\/early-season\/lambada\/#webpage","url":"https:\/\/kraege.de\/ltu\/services\/strawberries\/early-season\/lambada\/","name":"Lambada - KRAEGE Beerenpflanzen ltu","isPartOf":{"@id":"https:\/\/kraege.de\/ltu\/#website"},"datePublished":"2015-04-15T09:03:56+00:00","dateModified":"2023-03-15T16:55:11+00:00","breadcrumb":{"@id":"https:\/\/kraege.de\/ltu\/services\/strawberries\/early-season\/lambada\/#breadcrumb"},"inLanguage":"lt-LT","potentialAction":[{"@type":"ReadAction","target":["https:\/\/kraege.de\/ltu\/services\/strawberries\/early-season\/lambada\/"]}]},{"@type":"BreadcrumbList","@id":"https:\/\/kraege.de\/ltu\/services\/strawberries\/early-season\/lambada\/#breadcrumb","itemListElement":[{"@type":"ListItem","position":1,"name":"Home","item":"https:\/\/kraege.de\/ltu\/"},{"@type":"ListItem","position":2,"name":"Services","item":"https:\/\/kraege.de\/ltu\/services\/"},{"@type":"ListItem","position":3,"name":"Strawberries","item":"https:\/\/kraege.de\/ltu\/services\/strawberries\/"},{"@type":"ListItem","position":4,"name":"Ankstyvos veisl\u0117s","item":"https:\/\/kraege.de\/ltu\/services\/strawberries\/early-season\/"},{"@type":"ListItem","position":5,"name":"Lambada"}]}]}},"_links":{"self":[{"href":"https:\/\/kraege.de\/ltu\/wp-json\/wp\/v2\/pages\/131"}],"collection":[{"href":"https:\/\/kraege.de\/ltu\/wp-json\/wp\/v2\/pages"}],"about":[{"href":"https:\/\/kraege.de\/ltu\/wp-json\/wp\/v2\/types\/page"}],"author":[{"embeddable":true,"href":"https:\/\/kraege.de\/ltu\/wp-json\/wp\/v2\/users\/1"}],"replies":[{"embeddable":true,"href":"https:\/\/kraege.de\/ltu\/wp-json\/wp\/v2\/comments?post=131"}],"version-history":[{"count":7,"href":"https:\/\/kraege.de\/ltu\/wp-json\/wp\/v2\/pages\/131\/revisions"}],"predecessor-version":[{"id":2527,"href":"https:\/\/kraege.de\/ltu\/wp-json\/wp\/v2\/pages\/131\/revisions\/2527"}],"up":[{"embeddable":true,"href":"https:\/\/kraege.de\/ltu\/wp-json\/wp\/v2\/pages\/53"}],"wp:attachment":[{"href":"https:\/\/kraege.de\/ltu\/wp-json\/wp\/v2\/media?parent=131"}],"curies":[{"name":"wp","href":"https:\/\/api.w.org\/{rel}","templated":true}]}}