{"id":114,"date":"2015-04-15T11:00:02","date_gmt":"2015-04-15T09:00:02","guid":{"rendered":"http:\/\/kraege.de\/kraege-21\/?page_id=114"},"modified":"2023-03-15T17:48:28","modified_gmt":"2023-03-15T16:48:28","slug":"malling-centenary","status":"publish","type":"page","link":"https:\/\/kraege.de\/ltu\/services\/strawberries\/early-season\/malling-centenary\/","title":{"rendered":"Malling Centenary"},"content":{"rendered":"<div class=\"tabelle-fruechte\">\n<table>\n<tbody>\n<tr>\n<td>Spalva<\/td>\n<td>Vidutini\u0161kai raudona, labai blizgi<\/td>\n<\/tr>\n<tr>\n<td>Comments<\/td>\n<td>Tinkamos perdirbimui ir tiesioginei prekybai. Jautr\u016bs, \u201eXanthomonas\u201c \u2013 bakterij\u0173 suke lian\u010dioms ligoms ir, \u201ePhytophthora cactorum\u201c\u2013 \u0161akn\u0173 puviniui<\/td>\n<\/tr>\n<\/tbody>\n<\/table>\n<\/div>\n<div class=\"reifezeit\"><\/div>\n<div class=\"herkunft\">\u2013 saugoma veisl\u0117, veisl\u0117s savininkas: Meiosis, Did\u017eioji Britanija<\/div>\n<p><a href=\"https:\/\/kraege.de\/wp-content\/uploads\/sites\/8\/2015\/04\/www_Saeule_Malling.jpg\"><img loading=\"lazy\" class=\"wp-image-1623 size-medium alignleft\" src=\"https:\/\/kraege.de\/kraege-2\/wp-content\/uploads\/sites\/8\/2015\/04\/www.en_malling-193x320.jpg\" alt=\"\" width=\"193\" height=\"320\" srcset=\"https:\/\/kraege.de\/ltu\/wp-content\/uploads\/sites\/8\/2015\/04\/www.en_malling-193x320.jpg 193w, https:\/\/kraege.de\/ltu\/wp-content\/uploads\/sites\/8\/2015\/04\/www.en_malling-618x1024.jpg 618w, https:\/\/kraege.de\/ltu\/wp-content\/uploads\/sites\/8\/2015\/04\/www.en_malling.jpg 750w\" sizes=\"(max-width: 193px) 100vw, 193px\" \/><\/a>\u201eMalling Centenary\u201c yra ankstyva veisl\u0117 i\u0161 East Malling (JK) veisimo programos. Derlius vidutinis, 3 \u2013 5 dienomis noksta v\u0117liau nei, \u201eClery\u201c. Derlingumas yra didesnis nei \u201eClery\u201c ar \u201eElsanta\u201c.<br \/>\nAnglijoje su \u0161ia veisle gaunamai geri rezultatai.<br \/>\n\u201eMalling Centenary\u201c turi ger\u0105 uog\u0173 charakteristik\u0105. Labai geras uog\u0173 skonis. Uogos yra vidutini\u0161kai raudonos, atv\u0117sinant \u0161iek tiek tams\u0117ja, tada tampa vienodai raudonos spalvos, kuri yra \u0161iek tiek tamsesn\u0117 nei \u201eElsanta\u201c. \u201eMalling Centenary\u201c yra nuostabiai blizgi. Uogos yra didel\u0117s ir vienodo dyd\u017eio. Apie 98 proc. uog\u0173 yra 1 klas\u0117s! Uogos tvirtesn\u0117s nei \u201eElsanta\u201c.<br \/>\nUogos puikios ir gra\u017eios formos, skanios. Nors \u201eMalling Centenary\u201c uog\u0173 savyb\u0117s yra geros, bet patys kr\u016bmai yra pa\u017eeid\u017eiami, \u201eXantho\u00admonas\u201c ir, \u201ePhytophthora cactorum\u201c. \u017diedai \u0161iek tiek i\u0161kil\u0119 vir\u0161 lap\u0173, tod\u0117l reikia apsaugoti nuo pavasarini\u0173 \u0161aln\u0173. Lietus gali padaryti uogoms \u017ealos.<br \/>\n\u201eMalling Centenary\u201c tinkamos perdirbimui ir tiesioginei prekybai.<br \/>\nStiprioji pus\u0117 yra ta, kad labai tinkama auginti \u0161iltnamiuose. Uog\u0173 kokyb\u0117 ir derlius yra toks, kokio norima pasiekti, t.y. uogos1 klas\u0117s ir didel\u0117s. Vienodai nokstan\u010dios ir gero skonio uogos, skinasi lengvai. Kraege \u016bkyje \u201eMalling Centenary\u201c \u2013 viena perspektyviausia veisl\u0117 rinkoje. Veisl\u0117 gera yra savo klas\u0117je.<\/p>\n","protected":false},"excerpt":{"rendered":"<p>Spalva Vidutini\u0161kai raudona, labai blizgi Comments Tinkamos perdirbimui ir tiesioginei prekybai. Jautr\u016bs, \u201eXanthomonas\u201c \u2013 bakterij\u0173 suke lian\u010dioms ligoms ir, \u201ePhytophthora cactorum\u201c\u2013 \u0161akn\u0173 puviniui \u2013 saugoma veisl\u0117, veisl\u0117s savininkas: Meiosis, Did\u017eioji Britanija \u201eMalling Centenary\u201c yra ankstyva veisl\u0117 i\u0161 East Malling (JK) veisimo programos. Derlius vidutinis, 3 \u2013 5 dienomis noksta v\u0117liau nei, \u201eClery\u201c. Derlingumas yra didesnis [&hellip;]<\/p>\n","protected":false},"author":1,"featured_media":0,"parent":53,"menu_order":12,"comment_status":"open","ping_status":"closed","template":"page_frucht.php","meta":[],"yoast_head":"<!-- This site is optimized with the Yoast SEO plugin v17.2.1 - https:\/\/yoast.com\/wordpress\/plugins\/seo\/ -->\n<meta name=\"robots\" content=\"index, follow, max-snippet:-1, max-image-preview:large, max-video-preview:-1\" \/>\n<link rel=\"canonical\" href=\"https:\/\/kraege.de\/ltu\/services\/strawberries\/early-season\/malling-centenary\/\" \/>\n<meta property=\"og:locale\" content=\"lt_LT\" \/>\n<meta property=\"og:type\" content=\"article\" \/>\n<meta property=\"og:title\" content=\"Malling Centenary - KRAEGE Beerenpflanzen ltu\" \/>\n<meta property=\"og:description\" content=\"Spalva Vidutini\u0161kai raudona, labai blizgi Comments Tinkamos perdirbimui ir tiesioginei prekybai. Jautr\u016bs, \u201eXanthomonas\u201c \u2013 bakterij\u0173 suke lian\u010dioms ligoms ir, \u201ePhytophthora cactorum\u201c\u2013 \u0161akn\u0173 puviniui \u2013 saugoma veisl\u0117, veisl\u0117s savininkas: Meiosis, Did\u017eioji Britanija \u201eMalling Centenary\u201c yra ankstyva veisl\u0117 i\u0161 East Malling (JK) veisimo programos. Derlius vidutinis, 3 \u2013 5 dienomis noksta v\u0117liau nei, \u201eClery\u201c. Derlingumas yra didesnis [&hellip;]\" \/>\n<meta property=\"og:url\" content=\"https:\/\/kraege.de\/ltu\/services\/strawberries\/early-season\/malling-centenary\/\" \/>\n<meta property=\"og:site_name\" content=\"KRAEGE Beerenpflanzen ltu\" \/>\n<meta property=\"article:modified_time\" content=\"2023-03-15T16:48:28+00:00\" \/>\n<meta property=\"og:image\" content=\"https:\/\/kraege.de\/kraege-2\/wp-content\/uploads\/sites\/8\/2015\/04\/www.en_malling-193x320.jpg\" \/>\n<meta name=\"twitter:card\" content=\"summary\" \/>\n<meta name=\"twitter:label1\" content=\"Est. reading time\" \/>\n\t<meta name=\"twitter:data1\" content=\"2 minut\u0117s\" \/>\n<script type=\"application\/ld+json\" class=\"yoast-schema-graph\">{\"@context\":\"https:\/\/schema.org\",\"@graph\":[{\"@type\":\"WebSite\",\"@id\":\"https:\/\/kraege.de\/ltu\/#website\",\"url\":\"https:\/\/kraege.de\/ltu\/\",\"name\":\"KRAEGE Beerenpflanzen ltu\",\"description\":\"Erdbeeren und Himbeeren aus der Region | Telgte | M\\u00fcnster | Warendorf\",\"potentialAction\":[{\"@type\":\"SearchAction\",\"target\":{\"@type\":\"EntryPoint\",\"urlTemplate\":\"https:\/\/kraege.de\/ltu\/?s={search_term_string}\"},\"query-input\":\"required name=search_term_string\"}],\"inLanguage\":\"lt-LT\"},{\"@type\":\"ImageObject\",\"@id\":\"https:\/\/kraege.de\/ltu\/services\/strawberries\/early-season\/malling-centenary\/#primaryimage\",\"inLanguage\":\"lt-LT\",\"url\":\"https:\/\/kraege.de\/kraege-2\/wp-content\/uploads\/sites\/8\/2015\/04\/www.en_malling-193x320.jpg\",\"contentUrl\":\"https:\/\/kraege.de\/kraege-2\/wp-content\/uploads\/sites\/8\/2015\/04\/www.en_malling-193x320.jpg\"},{\"@type\":\"WebPage\",\"@id\":\"https:\/\/kraege.de\/ltu\/services\/strawberries\/early-season\/malling-centenary\/#webpage\",\"url\":\"https:\/\/kraege.de\/ltu\/services\/strawberries\/early-season\/malling-centenary\/\",\"name\":\"Malling Centenary - KRAEGE Beerenpflanzen ltu\",\"isPartOf\":{\"@id\":\"https:\/\/kraege.de\/ltu\/#website\"},\"primaryImageOfPage\":{\"@id\":\"https:\/\/kraege.de\/ltu\/services\/strawberries\/early-season\/malling-centenary\/#primaryimage\"},\"datePublished\":\"2015-04-15T09:00:02+00:00\",\"dateModified\":\"2023-03-15T16:48:28+00:00\",\"breadcrumb\":{\"@id\":\"https:\/\/kraege.de\/ltu\/services\/strawberries\/early-season\/malling-centenary\/#breadcrumb\"},\"inLanguage\":\"lt-LT\",\"potentialAction\":[{\"@type\":\"ReadAction\",\"target\":[\"https:\/\/kraege.de\/ltu\/services\/strawberries\/early-season\/malling-centenary\/\"]}]},{\"@type\":\"BreadcrumbList\",\"@id\":\"https:\/\/kraege.de\/ltu\/services\/strawberries\/early-season\/malling-centenary\/#breadcrumb\",\"itemListElement\":[{\"@type\":\"ListItem\",\"position\":1,\"name\":\"Home\",\"item\":\"https:\/\/kraege.de\/ltu\/\"},{\"@type\":\"ListItem\",\"position\":2,\"name\":\"Services\",\"item\":\"https:\/\/kraege.de\/ltu\/services\/\"},{\"@type\":\"ListItem\",\"position\":3,\"name\":\"Strawberries\",\"item\":\"https:\/\/kraege.de\/ltu\/services\/strawberries\/\"},{\"@type\":\"ListItem\",\"position\":4,\"name\":\"Ankstyvos veisl\\u0117s\",\"item\":\"https:\/\/kraege.de\/ltu\/services\/strawberries\/early-season\/\"},{\"@type\":\"ListItem\",\"position\":5,\"name\":\"Malling Centenary\"}]}]}<\/script>\n<!-- \/ Yoast SEO plugin. -->","yoast_head_json":{"robots":{"index":"index","follow":"follow","max-snippet":"max-snippet:-1","max-image-preview":"max-image-preview:large","max-video-preview":"max-video-preview:-1"},"canonical":"https:\/\/kraege.de\/ltu\/services\/strawberries\/early-season\/malling-centenary\/","og_locale":"lt_LT","og_type":"article","og_title":"Malling Centenary - KRAEGE Beerenpflanzen ltu","og_description":"Spalva Vidutini\u0161kai raudona, labai blizgi Comments Tinkamos perdirbimui ir tiesioginei prekybai. Jautr\u016bs, \u201eXanthomonas\u201c \u2013 bakterij\u0173 suke lian\u010dioms ligoms ir, \u201ePhytophthora cactorum\u201c\u2013 \u0161akn\u0173 puviniui \u2013 saugoma veisl\u0117, veisl\u0117s savininkas: Meiosis, Did\u017eioji Britanija \u201eMalling Centenary\u201c yra ankstyva veisl\u0117 i\u0161 East Malling (JK) veisimo programos. Derlius vidutinis, 3 \u2013 5 dienomis noksta v\u0117liau nei, \u201eClery\u201c. Derlingumas yra didesnis [&hellip;]","og_url":"https:\/\/kraege.de\/ltu\/services\/strawberries\/early-season\/malling-centenary\/","og_site_name":"KRAEGE Beerenpflanzen ltu","article_modified_time":"2023-03-15T16:48:28+00:00","og_image":[{"url":"https:\/\/kraege.de\/kraege-2\/wp-content\/uploads\/sites\/8\/2015\/04\/www.en_malling-193x320.jpg"}],"twitter_card":"summary","twitter_misc":{"Est. reading time":"2 minut\u0117s"},"schema":{"@context":"https:\/\/schema.org","@graph":[{"@type":"WebSite","@id":"https:\/\/kraege.de\/ltu\/#website","url":"https:\/\/kraege.de\/ltu\/","name":"KRAEGE Beerenpflanzen ltu","description":"Erdbeeren und Himbeeren aus der Region | Telgte | M\u00fcnster | Warendorf","potentialAction":[{"@type":"SearchAction","target":{"@type":"EntryPoint","urlTemplate":"https:\/\/kraege.de\/ltu\/?s={search_term_string}"},"query-input":"required name=search_term_string"}],"inLanguage":"lt-LT"},{"@type":"ImageObject","@id":"https:\/\/kraege.de\/ltu\/services\/strawberries\/early-season\/malling-centenary\/#primaryimage","inLanguage":"lt-LT","url":"https:\/\/kraege.de\/kraege-2\/wp-content\/uploads\/sites\/8\/2015\/04\/www.en_malling-193x320.jpg","contentUrl":"https:\/\/kraege.de\/kraege-2\/wp-content\/uploads\/sites\/8\/2015\/04\/www.en_malling-193x320.jpg"},{"@type":"WebPage","@id":"https:\/\/kraege.de\/ltu\/services\/strawberries\/early-season\/malling-centenary\/#webpage","url":"https:\/\/kraege.de\/ltu\/services\/strawberries\/early-season\/malling-centenary\/","name":"Malling Centenary - KRAEGE Beerenpflanzen ltu","isPartOf":{"@id":"https:\/\/kraege.de\/ltu\/#website"},"primaryImageOfPage":{"@id":"https:\/\/kraege.de\/ltu\/services\/strawberries\/early-season\/malling-centenary\/#primaryimage"},"datePublished":"2015-04-15T09:00:02+00:00","dateModified":"2023-03-15T16:48:28+00:00","breadcrumb":{"@id":"https:\/\/kraege.de\/ltu\/services\/strawberries\/early-season\/malling-centenary\/#breadcrumb"},"inLanguage":"lt-LT","potentialAction":[{"@type":"ReadAction","target":["https:\/\/kraege.de\/ltu\/services\/strawberries\/early-season\/malling-centenary\/"]}]},{"@type":"BreadcrumbList","@id":"https:\/\/kraege.de\/ltu\/services\/strawberries\/early-season\/malling-centenary\/#breadcrumb","itemListElement":[{"@type":"ListItem","position":1,"name":"Home","item":"https:\/\/kraege.de\/ltu\/"},{"@type":"ListItem","position":2,"name":"Services","item":"https:\/\/kraege.de\/ltu\/services\/"},{"@type":"ListItem","position":3,"name":"Strawberries","item":"https:\/\/kraege.de\/ltu\/services\/strawberries\/"},{"@type":"ListItem","position":4,"name":"Ankstyvos veisl\u0117s","item":"https:\/\/kraege.de\/ltu\/services\/strawberries\/early-season\/"},{"@type":"ListItem","position":5,"name":"Malling Centenary"}]}]}},"_links":{"self":[{"href":"https:\/\/kraege.de\/ltu\/wp-json\/wp\/v2\/pages\/114"}],"collection":[{"href":"https:\/\/kraege.de\/ltu\/wp-json\/wp\/v2\/pages"}],"about":[{"href":"https:\/\/kraege.de\/ltu\/wp-json\/wp\/v2\/types\/page"}],"author":[{"embeddable":true,"href":"https:\/\/kraege.de\/ltu\/wp-json\/wp\/v2\/users\/1"}],"replies":[{"embeddable":true,"href":"https:\/\/kraege.de\/ltu\/wp-json\/wp\/v2\/comments?post=114"}],"version-history":[{"count":24,"href":"https:\/\/kraege.de\/ltu\/wp-json\/wp\/v2\/pages\/114\/revisions"}],"predecessor-version":[{"id":2524,"href":"https:\/\/kraege.de\/ltu\/wp-json\/wp\/v2\/pages\/114\/revisions\/2524"}],"up":[{"embeddable":true,"href":"https:\/\/kraege.de\/ltu\/wp-json\/wp\/v2\/pages\/53"}],"wp:attachment":[{"href":"https:\/\/kraege.de\/ltu\/wp-json\/wp\/v2\/media?parent=114"}],"curies":[{"name":"wp","href":"https:\/\/api.w.org\/{rel}","templated":true}]}}