{"id":112,"date":"2015-04-15T10:59:46","date_gmt":"2015-04-15T08:59:46","guid":{"rendered":"http:\/\/kraege.de\/kraege-21\/?page_id=112"},"modified":"2023-03-15T17:50:16","modified_gmt":"2023-03-15T16:50:16","slug":"rumba","status":"publish","type":"page","link":"https:\/\/kraege.de\/ltu\/services\/strawberries\/early-season\/rumba\/","title":{"rendered":"Rumba"},"content":{"rendered":"<div class=\"tabelle-fruechte\">\n<table>\n<tbody>\n<tr>\n<td>Spalva<\/td>\n<td>Vidutini\u0161kai raudona, blizgi<\/td>\n<\/tr>\n<tr>\n<td>Pastaba<\/td>\n<td>Labai gra\u017eios uogos, tvirtas augalas<\/td>\n<\/tr>\n<\/tbody>\n<\/table>\n<\/div>\n<div class=\"reifezeit\"><\/div>\n<div class=\"herkunft\">\u2013 saugoma veisl\u0117, veisl\u0117s savininkas: \u201eFresh Forward B.V.\u201c, Wageningen, Nyderlandai<\/div>\n<p><a href=\"https:\/\/kraege.de\/wp-content\/uploads\/sites\/8\/2015\/04\/Saeule_Rumba.jpg\"><img loading=\"lazy\" class=\"wp-image-1626 size-medium alignleft\" src=\"https:\/\/kraege.de\/kraege-2\/wp-content\/uploads\/sites\/8\/2015\/04\/www.en_rumba-178x320.jpg\" alt=\"\" width=\"178\" height=\"320\" srcset=\"https:\/\/kraege.de\/ltu\/wp-content\/uploads\/sites\/8\/2015\/04\/www.en_rumba-178x320.jpg 178w, https:\/\/kraege.de\/ltu\/wp-content\/uploads\/sites\/8\/2015\/04\/www.en_rumba-570x1024.jpg 570w, https:\/\/kraege.de\/ltu\/wp-content\/uploads\/sites\/8\/2015\/04\/www.en_rumba.jpg 748w\" sizes=\"(max-width: 178px) 100vw, 178px\" \/><\/a>\u201eRumba\u201c yra ankstyva veisl\u0117, pagal veisimo pro\u00adgram\u0105 pateik\u0117 firma \u201eFresh Forward\u201c \u201eRumba\u201c noksta vidutini\u0161kai septyniomis dienomis anks\u010diau prie\u0161 Sonat\u0105. Derliaus nu\u0117mimo laikas yra \u017eymiai ilgesnis nei \u201eHoneoye\u201c ar \u201eClery\u201c.<br \/>\nVeisl\u0117 daro \u012fsp\u016bd\u012f patraukliai blizgan\u010diomis, vidutini\u0161kai raudonomis uogomis. Uogos yra didel\u0117s ir gerai i\u0161silaikan\u010dios. I\u0161lieka blizgan\u010dios ir palaikius \u0161aldytuve. Uogas reikia skinti reguliariai, nes nokdamos per ilgai tams\u0117ja. Sultingos gero skonio. \u201eRumba\u201c tinka auginti po priedangomis ir \u0161iltnamiuose.<br \/>\n\u201eRumba\u201c yra derlinga, uogos didel\u0117s, ma\u017e\u0173 beveik n\u0117ra. \u017diedko\u010diai neilgi, nei\u0161lind\u0119 i\u0161 lap\u0173, tod\u0117l lengva apsaugoti \u017eiedus per pavasarines \u0161alnas u\u017edengiant polietileno arba agro pl\u0117vele. Rumba yra atspari ligoms, stipri veisl\u0117. Pre\u00adven\u00adci\u0161\u00adkai rekomenduojama nupurk\u0161ti nuo \u201eBotrytis\u201c ir, \u201eRhizoctonia\u201c grybelini\u0173 lig\u0173. Rekomen\u00adduo\u00adjamas 35 cm sodinimo atstumas. \u012emanoma dvejus metus veisl\u0119 auginti nesusergant ligomis.<br \/>\nAntrais metais, kr\u016bmus reikia apsaugoti prie\u0161 \u017eiemos \u0161al\u010dius, nes lap\u0173 kotai paprastai b\u016bna auk\u0161ti ir neu\u017edengia kero. Rumba labai lengvai pasisavina bor\u0105 ir mikroelementus tod\u0117l gali b\u016bti lengvai pertr\u0119\u0161ta. Auginti veisl\u0119 yra gana lengva.<\/p>\n","protected":false},"excerpt":{"rendered":"<p>Spalva Vidutini\u0161kai raudona, blizgi Pastaba Labai gra\u017eios uogos, tvirtas augalas \u2013 saugoma veisl\u0117, veisl\u0117s savininkas: \u201eFresh Forward B.V.\u201c, Wageningen, Nyderlandai \u201eRumba\u201c yra ankstyva veisl\u0117, pagal veisimo pro\u00adgram\u0105 pateik\u0117 firma \u201eFresh Forward\u201c \u201eRumba\u201c noksta vidutini\u0161kai septyniomis dienomis anks\u010diau prie\u0161 Sonat\u0105. Derliaus nu\u0117mimo laikas yra \u017eymiai ilgesnis nei \u201eHoneoye\u201c ar \u201eClery\u201c. Veisl\u0117 daro \u012fsp\u016bd\u012f patraukliai blizgan\u010diomis, vidutini\u0161kai [&hellip;]<\/p>\n","protected":false},"author":1,"featured_media":0,"parent":53,"menu_order":14,"comment_status":"open","ping_status":"closed","template":"page_frucht.php","meta":[],"yoast_head":"<!-- This site is optimized with the Yoast SEO plugin v17.2.1 - https:\/\/yoast.com\/wordpress\/plugins\/seo\/ -->\n<meta name=\"robots\" content=\"index, follow, max-snippet:-1, max-image-preview:large, max-video-preview:-1\" \/>\n<link rel=\"canonical\" href=\"https:\/\/kraege.de\/ltu\/services\/strawberries\/early-season\/rumba\/\" \/>\n<meta property=\"og:locale\" content=\"lt_LT\" \/>\n<meta property=\"og:type\" content=\"article\" \/>\n<meta property=\"og:title\" content=\"Rumba - KRAEGE Beerenpflanzen ltu\" \/>\n<meta property=\"og:description\" content=\"Spalva Vidutini\u0161kai raudona, blizgi Pastaba Labai gra\u017eios uogos, tvirtas augalas \u2013 saugoma veisl\u0117, veisl\u0117s savininkas: \u201eFresh Forward B.V.\u201c, Wageningen, Nyderlandai \u201eRumba\u201c yra ankstyva veisl\u0117, pagal veisimo pro\u00adgram\u0105 pateik\u0117 firma \u201eFresh Forward\u201c \u201eRumba\u201c noksta vidutini\u0161kai septyniomis dienomis anks\u010diau prie\u0161 Sonat\u0105. Derliaus nu\u0117mimo laikas yra \u017eymiai ilgesnis nei \u201eHoneoye\u201c ar \u201eClery\u201c. Veisl\u0117 daro \u012fsp\u016bd\u012f patraukliai blizgan\u010diomis, vidutini\u0161kai [&hellip;]\" \/>\n<meta property=\"og:url\" content=\"https:\/\/kraege.de\/ltu\/services\/strawberries\/early-season\/rumba\/\" \/>\n<meta property=\"og:site_name\" content=\"KRAEGE Beerenpflanzen ltu\" \/>\n<meta property=\"article:modified_time\" content=\"2023-03-15T16:50:16+00:00\" \/>\n<meta property=\"og:image\" content=\"https:\/\/kraege.de\/kraege-2\/wp-content\/uploads\/sites\/8\/2015\/04\/www.en_rumba-178x320.jpg\" \/>\n<meta name=\"twitter:card\" content=\"summary\" \/>\n<meta name=\"twitter:label1\" content=\"Est. reading time\" \/>\n\t<meta name=\"twitter:data1\" content=\"1 minut\u0117\" \/>\n<script type=\"application\/ld+json\" class=\"yoast-schema-graph\">{\"@context\":\"https:\/\/schema.org\",\"@graph\":[{\"@type\":\"WebSite\",\"@id\":\"https:\/\/kraege.de\/ltu\/#website\",\"url\":\"https:\/\/kraege.de\/ltu\/\",\"name\":\"KRAEGE Beerenpflanzen ltu\",\"description\":\"Erdbeeren und Himbeeren aus der Region | Telgte | M\\u00fcnster | Warendorf\",\"potentialAction\":[{\"@type\":\"SearchAction\",\"target\":{\"@type\":\"EntryPoint\",\"urlTemplate\":\"https:\/\/kraege.de\/ltu\/?s={search_term_string}\"},\"query-input\":\"required name=search_term_string\"}],\"inLanguage\":\"lt-LT\"},{\"@type\":\"ImageObject\",\"@id\":\"https:\/\/kraege.de\/ltu\/services\/strawberries\/early-season\/rumba\/#primaryimage\",\"inLanguage\":\"lt-LT\",\"url\":\"https:\/\/kraege.de\/kraege-2\/wp-content\/uploads\/sites\/8\/2015\/04\/www.en_rumba-178x320.jpg\",\"contentUrl\":\"https:\/\/kraege.de\/kraege-2\/wp-content\/uploads\/sites\/8\/2015\/04\/www.en_rumba-178x320.jpg\"},{\"@type\":\"WebPage\",\"@id\":\"https:\/\/kraege.de\/ltu\/services\/strawberries\/early-season\/rumba\/#webpage\",\"url\":\"https:\/\/kraege.de\/ltu\/services\/strawberries\/early-season\/rumba\/\",\"name\":\"Rumba - KRAEGE Beerenpflanzen ltu\",\"isPartOf\":{\"@id\":\"https:\/\/kraege.de\/ltu\/#website\"},\"primaryImageOfPage\":{\"@id\":\"https:\/\/kraege.de\/ltu\/services\/strawberries\/early-season\/rumba\/#primaryimage\"},\"datePublished\":\"2015-04-15T08:59:46+00:00\",\"dateModified\":\"2023-03-15T16:50:16+00:00\",\"breadcrumb\":{\"@id\":\"https:\/\/kraege.de\/ltu\/services\/strawberries\/early-season\/rumba\/#breadcrumb\"},\"inLanguage\":\"lt-LT\",\"potentialAction\":[{\"@type\":\"ReadAction\",\"target\":[\"https:\/\/kraege.de\/ltu\/services\/strawberries\/early-season\/rumba\/\"]}]},{\"@type\":\"BreadcrumbList\",\"@id\":\"https:\/\/kraege.de\/ltu\/services\/strawberries\/early-season\/rumba\/#breadcrumb\",\"itemListElement\":[{\"@type\":\"ListItem\",\"position\":1,\"name\":\"Home\",\"item\":\"https:\/\/kraege.de\/ltu\/\"},{\"@type\":\"ListItem\",\"position\":2,\"name\":\"Services\",\"item\":\"https:\/\/kraege.de\/ltu\/services\/\"},{\"@type\":\"ListItem\",\"position\":3,\"name\":\"Strawberries\",\"item\":\"https:\/\/kraege.de\/ltu\/services\/strawberries\/\"},{\"@type\":\"ListItem\",\"position\":4,\"name\":\"Ankstyvos veisl\\u0117s\",\"item\":\"https:\/\/kraege.de\/ltu\/services\/strawberries\/early-season\/\"},{\"@type\":\"ListItem\",\"position\":5,\"name\":\"Rumba\"}]}]}<\/script>\n<!-- \/ Yoast SEO plugin. -->","yoast_head_json":{"robots":{"index":"index","follow":"follow","max-snippet":"max-snippet:-1","max-image-preview":"max-image-preview:large","max-video-preview":"max-video-preview:-1"},"canonical":"https:\/\/kraege.de\/ltu\/services\/strawberries\/early-season\/rumba\/","og_locale":"lt_LT","og_type":"article","og_title":"Rumba - KRAEGE Beerenpflanzen ltu","og_description":"Spalva Vidutini\u0161kai raudona, blizgi Pastaba Labai gra\u017eios uogos, tvirtas augalas \u2013 saugoma veisl\u0117, veisl\u0117s savininkas: \u201eFresh Forward B.V.\u201c, Wageningen, Nyderlandai \u201eRumba\u201c yra ankstyva veisl\u0117, pagal veisimo pro\u00adgram\u0105 pateik\u0117 firma \u201eFresh Forward\u201c \u201eRumba\u201c noksta vidutini\u0161kai septyniomis dienomis anks\u010diau prie\u0161 Sonat\u0105. Derliaus nu\u0117mimo laikas yra \u017eymiai ilgesnis nei \u201eHoneoye\u201c ar \u201eClery\u201c. Veisl\u0117 daro \u012fsp\u016bd\u012f patraukliai blizgan\u010diomis, vidutini\u0161kai [&hellip;]","og_url":"https:\/\/kraege.de\/ltu\/services\/strawberries\/early-season\/rumba\/","og_site_name":"KRAEGE Beerenpflanzen ltu","article_modified_time":"2023-03-15T16:50:16+00:00","og_image":[{"url":"https:\/\/kraege.de\/kraege-2\/wp-content\/uploads\/sites\/8\/2015\/04\/www.en_rumba-178x320.jpg"}],"twitter_card":"summary","twitter_misc":{"Est. reading time":"1 minut\u0117"},"schema":{"@context":"https:\/\/schema.org","@graph":[{"@type":"WebSite","@id":"https:\/\/kraege.de\/ltu\/#website","url":"https:\/\/kraege.de\/ltu\/","name":"KRAEGE Beerenpflanzen ltu","description":"Erdbeeren und Himbeeren aus der Region | Telgte | M\u00fcnster | Warendorf","potentialAction":[{"@type":"SearchAction","target":{"@type":"EntryPoint","urlTemplate":"https:\/\/kraege.de\/ltu\/?s={search_term_string}"},"query-input":"required name=search_term_string"}],"inLanguage":"lt-LT"},{"@type":"ImageObject","@id":"https:\/\/kraege.de\/ltu\/services\/strawberries\/early-season\/rumba\/#primaryimage","inLanguage":"lt-LT","url":"https:\/\/kraege.de\/kraege-2\/wp-content\/uploads\/sites\/8\/2015\/04\/www.en_rumba-178x320.jpg","contentUrl":"https:\/\/kraege.de\/kraege-2\/wp-content\/uploads\/sites\/8\/2015\/04\/www.en_rumba-178x320.jpg"},{"@type":"WebPage","@id":"https:\/\/kraege.de\/ltu\/services\/strawberries\/early-season\/rumba\/#webpage","url":"https:\/\/kraege.de\/ltu\/services\/strawberries\/early-season\/rumba\/","name":"Rumba - KRAEGE Beerenpflanzen ltu","isPartOf":{"@id":"https:\/\/kraege.de\/ltu\/#website"},"primaryImageOfPage":{"@id":"https:\/\/kraege.de\/ltu\/services\/strawberries\/early-season\/rumba\/#primaryimage"},"datePublished":"2015-04-15T08:59:46+00:00","dateModified":"2023-03-15T16:50:16+00:00","breadcrumb":{"@id":"https:\/\/kraege.de\/ltu\/services\/strawberries\/early-season\/rumba\/#breadcrumb"},"inLanguage":"lt-LT","potentialAction":[{"@type":"ReadAction","target":["https:\/\/kraege.de\/ltu\/services\/strawberries\/early-season\/rumba\/"]}]},{"@type":"BreadcrumbList","@id":"https:\/\/kraege.de\/ltu\/services\/strawberries\/early-season\/rumba\/#breadcrumb","itemListElement":[{"@type":"ListItem","position":1,"name":"Home","item":"https:\/\/kraege.de\/ltu\/"},{"@type":"ListItem","position":2,"name":"Services","item":"https:\/\/kraege.de\/ltu\/services\/"},{"@type":"ListItem","position":3,"name":"Strawberries","item":"https:\/\/kraege.de\/ltu\/services\/strawberries\/"},{"@type":"ListItem","position":4,"name":"Ankstyvos veisl\u0117s","item":"https:\/\/kraege.de\/ltu\/services\/strawberries\/early-season\/"},{"@type":"ListItem","position":5,"name":"Rumba"}]}]}},"_links":{"self":[{"href":"https:\/\/kraege.de\/ltu\/wp-json\/wp\/v2\/pages\/112"}],"collection":[{"href":"https:\/\/kraege.de\/ltu\/wp-json\/wp\/v2\/pages"}],"about":[{"href":"https:\/\/kraege.de\/ltu\/wp-json\/wp\/v2\/types\/page"}],"author":[{"embeddable":true,"href":"https:\/\/kraege.de\/ltu\/wp-json\/wp\/v2\/users\/1"}],"replies":[{"embeddable":true,"href":"https:\/\/kraege.de\/ltu\/wp-json\/wp\/v2\/comments?post=112"}],"version-history":[{"count":17,"href":"https:\/\/kraege.de\/ltu\/wp-json\/wp\/v2\/pages\/112\/revisions"}],"predecessor-version":[{"id":2526,"href":"https:\/\/kraege.de\/ltu\/wp-json\/wp\/v2\/pages\/112\/revisions\/2526"}],"up":[{"embeddable":true,"href":"https:\/\/kraege.de\/ltu\/wp-json\/wp\/v2\/pages\/53"}],"wp:attachment":[{"href":"https:\/\/kraege.de\/ltu\/wp-json\/wp\/v2\/media?parent=112"}],"curies":[{"name":"wp","href":"https:\/\/api.w.org\/{rel}","templated":true}]}}